{"id":554,"date":"2024-12-09T15:10:35","date_gmt":"2024-12-09T15:10:35","guid":{"rendered":"http:\/\/zalotp.es\/?page_id=554"},"modified":"2025-03-28T10:39:29","modified_gmt":"2025-03-28T10:39:29","slug":"reglas-padel","status":"publish","type":"page","link":"https:\/\/zalotp.es\/gl\/reglas-padel\/","title":{"rendered":"Reglas-padel"},"content":{"rendered":"<p>[et_pb_section fb_built=&#8221;1&#8243; admin_label=&#8221;Header&#8221; _builder_version=&#8221;4.27.4&#8243; _module_preset=&#8221;default&#8221; background_enable_image=&#8221;off&#8221; background_enable_video_mp4=&#8221;off&#8221; custom_margin=&#8221;-110px|||||&#8221; custom_padding=&#8221;3vw||3vw||true|false&#8221; collapsed=&#8221;off&#8221; global_colors_info=&#8221;{}&#8221;][et_pb_row _builder_version=&#8221;4.27.4&#8243; _module_preset=&#8221;default&#8221; min_height=&#8221;69.7px&#8221; custom_margin=&#8221;-450px|auto|-72px|auto|false|false&#8221; custom_margin_tablet=&#8221;-450px||||false|false&#8221; custom_margin_phone=&#8221;0px||||false|false&#8221; custom_margin_last_edited=&#8221;on|phone&#8221; custom_padding=&#8221;||0px|||&#8221; global_colors_info=&#8221;{}&#8221;][et_pb_column type=&#8221;4_4&#8243; _builder_version=&#8221;4.20.0&#8243; _module_preset=&#8221;default&#8221; global_colors_info=&#8221;{}&#8221;][et_pb_text _builder_version=&#8221;4.27.4&#8243; _module_preset=&#8221;1a1de172-f63c-487b-971b-ae8f37437250&#8243; text_font=&#8221;Overpass||||||||&#8221; text_text_color=&#8221;#FFFFFF&#8221; text_font_size=&#8221;52px&#8221; text_line_height=&#8221;1.2em&#8221; header_font=&#8221;Overpass|||on|||||&#8221; header_text_color=&#8221;#FFFFFF&#8221; header_font_size=&#8221;42px&#8221; header_line_height=&#8221;1em&#8221; header_2_font=&#8221;Overpass||||||||&#8221; header_2_font_size=&#8221;29px&#8221; background_image=&#8221;https:\/\/zalotp.es\/wp-content\/uploads\/2025\/03\/maurits-bausenhart-XtcZbSPVJ3A-unsplash-scaled-e1742291558374.jpg&#8221; text_orientation=&#8221;center&#8221; min_height=&#8221;298.3px&#8221; custom_margin=&#8221;94px||||false|false&#8221; custom_margin_tablet=&#8221;100px||||false|false&#8221; custom_margin_phone=&#8221;60px||||false|false&#8221; custom_margin_last_edited=&#8221;on|phone&#8221; custom_padding=&#8221;0px||140px|||&#8221; link_option_url_new_window=&#8221;on&#8221; hover_enabled=&#8221;0&#8243; text_text_shadow_style=&#8221;preset5&#8243; text_text_shadow_blur_strength=&#8221;0.14em&#8221; text_text_shadow_color=&#8221;#000000&#8243; border_radii=&#8221;on|19px|19px|19px|19px&#8221; global_colors_info=&#8221;{}&#8221; sticky_enabled=&#8221;0&#8243;]<\/p>\n<p style=\"text-align: center;\">\n<p style=\"text-align: center;\">\n<p style=\"text-align: center;\">SISTEMA DE PUNTUACI\u00d3N DEL RANKING<\/p>\n<p>[\/et_pb_text][\/et_pb_column][\/et_pb_row][et_pb_row _builder_version=&#8221;4.27.4&#8243; _module_preset=&#8221;default&#8221; background_color=&#8221;#FFFFFF&#8221; width_tablet=&#8221;&#8221; width_phone=&#8221;90%&#8221; width_last_edited=&#8221;on|phone&#8221; min_height=&#8221;189.4px&#8221; custom_margin=&#8221;-1px|auto||auto||&#8221; custom_padding=&#8221;10px|7px|10px|0px|false|false&#8221; border_radii=&#8221;on|15px|15px|15px|15px&#8221; global_colors_info=&#8221;{}&#8221;][et_pb_column type=&#8221;4_4&#8243; _builder_version=&#8221;4.27.4&#8243; _module_preset=&#8221;default&#8221; global_colors_info=&#8221;{}&#8221;][et_pb_text _builder_version=&#8221;4.27.4&#8243; _module_preset=&#8221;default&#8221; text_font=&#8221;Overpass||||||||&#8221; text_text_color=&#8221;#000000&#8243; text_font_size=&#8221;20px&#8221; header_font=&#8221;Overpass||||||||&#8221; header_text_color=&#8221;#000000&#8243; header_2_font=&#8221;Overpass||||||||&#8221; header_2_text_color=&#8221;#000000&#8243; custom_margin=&#8221;33px|||||&#8221; text_font_size_tablet=&#8221;20px&#8221; text_font_size_phone=&#8221;20px&#8221; text_font_size_last_edited=&#8221;on|desktop&#8221; global_colors_info=&#8221;{}&#8221;]<\/p>\n<h2 style=\"text-align: justify;\"><strong>1. Los partidos se jugar\u00e1n al mejor de 3 sets con tie break en todos ellos siendo el tercer set a un supertiebreak de 10 puntos.<\/strong><\/h2>\n<p>[\/et_pb_text][et_pb_text _builder_version=&#8221;4.27.4&#8243; _module_preset=&#8221;default&#8221; text_font=&#8221;Overpass||||||||&#8221; text_text_color=&#8221;#FFFFFF&#8221; text_font_size=&#8221;20px&#8221; header_font=&#8221;Overpass||||||||&#8221; header_text_color=&#8221;#000000&#8243; header_2_font=&#8221;Overpass||||||||&#8221; header_2_text_color=&#8221;#000000&#8243; custom_margin=&#8221;||15px||false|false&#8221; custom_padding=&#8221;||0px|||&#8221; text_font_size_tablet=&#8221;20px&#8221; text_font_size_phone=&#8221;20px&#8221; text_font_size_last_edited=&#8221;on|phone&#8221; global_colors_info=&#8221;{}&#8221;]<\/p>\n<h2 style=\"text-align: justify;\"><strong>2. Puntaci\u00f3n de los partidos:<\/strong><\/h2>\n<p>[\/et_pb_text][\/et_pb_column][\/et_pb_row][et_pb_row _builder_version=&#8221;4.27.4&#8243; _module_preset=&#8221;default&#8221; background_color=&#8221;#FFFFFF&#8221; width_tablet=&#8221;&#8221; width_phone=&#8221;90%&#8221; width_last_edited=&#8221;on|phone&#8221; min_height=&#8221;62px&#8221; custom_margin=&#8221;-16px|auto||auto||&#8221; custom_padding=&#8221;41px|40px|10px|38px|false|false&#8221; global_colors_info=&#8221;{}&#8221;][et_pb_column type=&#8221;4_4&#8243; _builder_version=&#8221;4.27.4&#8243; _module_preset=&#8221;default&#8221; global_colors_info=&#8221;{}&#8221;][et_pb_text _builder_version=&#8221;4.27.4&#8243; _module_preset=&#8221;default&#8221; text_font=&#8221;&#8211;et_global_body_font||||||||&#8221; text_text_color=&#8221;#000000&#8243; text_font_size=&#8221;18px&#8221; width=&#8221;97.5%&#8221; custom_margin=&#8221;-30px||||false|false&#8221; custom_padding=&#8221;|0px||0px|false|false&#8221; inline_fonts=&#8221;Open Sans,Montserrat&#8221; global_colors_info=&#8221;{}&#8221;]<\/p>\n<ul>\n<li style=\"text-align: justify;\"><span style=\"font-family: Montserrat;\">Partido ganado &#8211; 3 puntos.<\/span><\/li>\n<li style=\"text-align: justify;\"><span style=\"font-family: Montserrat;\">Partido perdido &#8211; 1 punto.<\/span><\/li>\n<li style=\"text-align: justify;\"><span style=\"font-family: Montserrat;\">Partido no jugado por W.O. injustificado, 0 puntos para la pareja que no se presenta + SANCI\u00d3N DE 10 EUROS \/ PERSONA, 3\u00a0 puntos para la pareja contraria.<\/span><\/li>\n<li style=\"text-align: justify;\"><span style=\"font-family: Montserrat;\">Partido no jugado, 0 puntos para ambas parejas y\u00a0 SANCI\u00d3N DE 10 EUROS \/PERSONA.<\/span><\/li>\n<\/ul>\n<p>[\/et_pb_text][et_pb_text _builder_version=&#8221;4.27.4&#8243; _module_preset=&#8221;default&#8221; text_font=&#8221;Overpass||||||||&#8221; text_text_color=&#8221;#000000&#8243; text_font_size=&#8221;20px&#8221; header_text_color=&#8221;#FFFFFF&#8221; header_2_text_align=&#8221;justify&#8221; header_2_text_color=&#8221;#000000&#8243; width=&#8221;100%&#8221; custom_margin=&#8221;47px|||-34px|false|false&#8221; custom_padding=&#8221;0px|||0px||&#8221; global_colors_info=&#8221;{}&#8221;]<\/p>\n<h2 style=\"text-align: justify;\"><strong>3. En caso de empate a puntos entre parejas se aplicar\u00e1n las siguientes normas:<\/strong><\/h2>\n<p>[\/et_pb_text][\/et_pb_column][\/et_pb_row][et_pb_row _builder_version=&#8221;4.27.4&#8243; _module_preset=&#8221;default&#8221; background_color=&#8221;#FFFFFF&#8221; width_tablet=&#8221;&#8221; width_phone=&#8221;90%&#8221; width_last_edited=&#8221;on|tablet&#8221; custom_margin=&#8221;-18px||||false|false&#8221; custom_padding=&#8221;|||0px||&#8221; global_colors_info=&#8221;{}&#8221;][et_pb_column type=&#8221;4_4&#8243; _builder_version=&#8221;4.27.4&#8243; _module_preset=&#8221;default&#8221; global_colors_info=&#8221;{}&#8221;][et_pb_text _builder_version=&#8221;4.27.4&#8243; _module_preset=&#8221;default&#8221; text_font=&#8221;&#8211;et_global_body_font||||||||&#8221; text_text_color=&#8221;#000000&#8243; text_font_size=&#8221;18px&#8221; min_height=&#8221;225px&#8221; custom_margin=&#8221;-7px||-1px||false|false&#8221; custom_padding=&#8221;10px|81px|0px|40px|false|false&#8221; inline_fonts=&#8221;Montserrat&#8221; global_colors_info=&#8221;{}&#8221;]<\/p>\n<ul>\n<li style=\"text-align: justify;\"><span style=\"font-family: Montserrat;\">En caso de empate a puntos prevalecer\u00e1 el enfrentamiento directo, solo empate entre dos parejas.<\/span><\/li>\n<li style=\"text-align: justify;\"><span style=\"font-family: Montserrat;\">Si persiste el empate se tendr\u00e1 en cuenta la cantidad de partidos jugados.<\/span><\/li>\n<li style=\"text-align: justify;\"><span style=\"font-family: Montserrat;\">Si persiste el empate se tendr\u00e1 en cuenta la diferencia de sets a favor y en contra de todos los partidos jugados durante ese mes.<\/span><\/li>\n<li style=\"text-align: justify;\"><span style=\"font-family: Montserrat;\">Si sigue habiendo empate se tendr\u00e1 en cuenta la diferencia de juegos a favor y en contra de todos los partidos jugados en la rotaci\u00f3n.<\/span><\/li>\n<li style=\"text-align: justify;\"><span style=\"font-family: Montserrat;\">Si contin\u00faa el empate ganar\u00e1 quien haya obtenido m\u00e1s juegos a favor.<\/span><\/li>\n<li style=\"text-align: justify;\"><span style=\"font-family: Montserrat;\">Si persiste a\u00fan el empate ganar\u00e1 la pareja con mayor antiguedad en el grupo.<\/span><\/li>\n<\/ul>\n<p>[\/et_pb_text][et_pb_text _builder_version=&#8221;4.27.4&#8243; _module_preset=&#8221;1a1de172-f63c-487b-971b-ae8f37437250&#8243; text_font=&#8221;Overpass||||||||&#8221; text_text_color=&#8221;#FFFFFF&#8221; text_font_size=&#8221;50px&#8221; header_font=&#8221;Overpass|||on|||||&#8221; header_text_color=&#8221;#FFFFFF&#8221; header_2_text_color=&#8221;#000000&#8243; header_2_font_size=&#8221;42px&#8221; background_image=&#8221;https:\/\/zalotp.es\/wp-content\/uploads\/2025\/03\/tennis-2290639_1280.jpg&#8221; text_orientation=&#8221;center&#8221; background_layout=&#8221;dark&#8221; min_height=&#8221;68px&#8221; custom_margin=&#8221;108px||-18px|3px|false|false&#8221; custom_padding=&#8221;57px||45px|0px||&#8221; text_text_shadow_style=&#8221;preset2&#8243; text_text_shadow_color=&#8221;#000000&#8243; border_radii=&#8221;on|24px|24px|24px|24px&#8221; global_colors_info=&#8221;{}&#8221;]<\/p>\n<p style=\"text-align: left;\">\u00a0 \u00a0COMPETICI\u00d3N<\/p>\n<p>[\/et_pb_text][\/et_pb_column][\/et_pb_row][et_pb_row _builder_version=&#8221;4.27.4&#8243; _module_preset=&#8221;default&#8221; background_color=&#8221;#FFFFFF&#8221; width=&#8221;78.5%&#8221; width_tablet=&#8221;&#8221; width_phone=&#8221;90%&#8221; width_last_edited=&#8221;on|desktop&#8221; module_alignment=&#8221;center&#8221; custom_margin=&#8221;-27px|881px||358px|false|false&#8221; custom_padding=&#8221;|0px|0px|0px|false|false&#8221; global_colors_info=&#8221;{}&#8221;][et_pb_column type=&#8221;4_4&#8243; _builder_version=&#8221;4.27.4&#8243; _module_preset=&#8221;default&#8221; global_colors_info=&#8221;{}&#8221;][et_pb_text _builder_version=&#8221;4.27.4&#8243; _module_preset=&#8221;default&#8221; text_font=&#8221;&#8211;et_global_body_font||||||||&#8221; text_text_color=&#8221;#000000&#8243; text_font_size=&#8221;18px&#8221; text_orientation=&#8221;center&#8221; width=&#8221;100%&#8221; min_height=&#8221;289px&#8221; custom_margin=&#8221;15px|-56px|15px||true|false&#8221; custom_padding=&#8221;10px|10px|0px|0px|false|false&#8221; inline_fonts=&#8221;Open Sans,Montserrat&#8221; global_colors_info=&#8221;{}&#8221;]<\/p>\n<h3 style=\"text-align: justify;\"><span style=\"font-family: Montserrat; font-weight: normal; font-size: large; color: #000000;\">Los grupos est\u00e1n formados por cinco parejas mixtas, por lo que se disputar\u00e1n cuatro partidos cada 2 meses, de una hora y treinta minutos cada encuentro.<\/span><\/h3>\n<h3 style=\"text-align: justify;\"><span style=\"font-family: Montserrat; font-weight: normal; font-size: large; color: #000000;\">El primer d\u00eda de cada mes, los jugadores dispondr\u00e1n de un cuadro de entrenamientos con todos los partidos correspondientes a jugar, as\u00ed como la distribuci\u00f3n de los diferentes grupos y la clasificaci\u00f3n general de la competici\u00f3n.<\/span><\/h3>\n<h3 style=\"text-align: justify;\"><span style=\"font-family: Montserrat; font-weight: normal; font-size: large; color: #000000;\">Los rivales de cada grupo tendr\u00e1n que ponerse de acuerdo para fijar fecha y hora para disputar sus partidos anteriormente a realizar la reserva de cada entrenamiento.<\/span><\/h3>\n<h3 style=\"text-align: justify;\"><span style=\"font-family: Montserrat; font-weight: normal; font-size: large; color: #000000;\">Por consiguiente, en este cuadro vendr\u00e1n los tel\u00e9fonos de cada participante, al que s\u00f3lo podr\u00e1n acceder los jugadores del Ranking.Una vez finalizado cada grupo, dos de las parejas ascender\u00e1n de grupo, dos descender\u00e1n y otra se mantendr\u00e1 en el mismo grupo.<\/span><\/h3>\n<p>[\/et_pb_text][\/et_pb_column][\/et_pb_row][et_pb_row _builder_version=&#8221;4.27.4&#8243; _module_preset=&#8221;default&#8221; background_image=&#8221;https:\/\/zalotp.es\/wp-content\/uploads\/2025\/03\/tennis-1605794_1280-e1742399096888.jpg&#8221; custom_padding=&#8221;49px|115px|0px|||&#8221; border_radii=&#8221;on|21px|21px|21px|21px&#8221; global_colors_info=&#8221;{}&#8221;][et_pb_column type=&#8221;4_4&#8243; _builder_version=&#8221;4.27.4&#8243; _module_preset=&#8221;default&#8221; global_colors_info=&#8221;{}&#8221;][et_pb_text _builder_version=&#8221;4.27.4&#8243; _module_preset=&#8221;default&#8221; text_text_color=&#8221;#FFFFFF&#8221; text_font_size=&#8221;24px&#8221; header_2_text_color=&#8221;#FFFFFF&#8221; header_2_font_size=&#8221;41px&#8221; min_height=&#8221;93px&#8221; custom_margin=&#8221;||114px|||&#8221; custom_padding=&#8221;0px||0px|||&#8221; text_text_shadow_style=&#8221;preset5&#8243; text_text_shadow_color=&#8221;#000000&#8243; header_2_text_shadow_style=&#8221;preset2&#8243; header_2_text_shadow_vertical_length=&#8221;0.14em&#8221; header_2_text_shadow_blur_strength=&#8221;0.11em&#8221; header_2_text_shadow_color=&#8221;#000000&#8243; global_colors_info=&#8221;{}&#8221;]<\/p>\n<h2 style=\"text-align: right;\"><strong>RESERVAS DE PISTA<\/strong><\/h2>\n<h2 style=\"text-align: right;\"><strong> (1 hora y 30 minutos)<\/strong><\/h2>\n<p>[\/et_pb_text][\/et_pb_column][\/et_pb_row][et_pb_row _builder_version=&#8221;4.27.4&#8243; _module_preset=&#8221;default&#8221; background_color=&#8221;#FFFFFF&#8221; width_tablet=&#8221;80%&#8221; width_phone=&#8221;90%&#8221; width_last_edited=&#8221;on|desktop&#8221; min_height=&#8221;503.4px&#8221; custom_margin=&#8221;1px|auto|4px|auto|false|false&#8221; border_radii=&#8221;on|15px|15px|15px|15px&#8221; global_colors_info=&#8221;{}&#8221; max_width__hover_enabled=&#8221;on|desktop&#8221;][et_pb_column type=&#8221;4_4&#8243; _builder_version=&#8221;4.27.4&#8243; _module_preset=&#8221;default&#8221; global_colors_info=&#8221;{}&#8221;][et_pb_text _builder_version=&#8221;4.27.4&#8243; _module_preset=&#8221;default&#8221; text_font=&#8221;&#8211;et_global_body_font||||||||&#8221; text_text_color=&#8221;#000000&#8243; text_font_size=&#8221;18px&#8221; min_height=&#8221;169.9px&#8221; custom_margin=&#8221;29px||||false|false&#8221; custom_padding=&#8221;0px|0px|0px|0px|false|false&#8221; inline_fonts=&#8221;Open Sans,Montserrat&#8221; global_colors_info=&#8221;{}&#8221;]<\/p>\n<p style=\"text-align: justify;\"><span style=\"font-family: Montserrat; font-weight: normal;\">La reserva de la pista se realizar\u00e1 a trav\u00e9s del tel\u00e9fono 981 79 44 88, o en persona en el bar del Club. Antes del comienzo del primer partido se debar\u00e1 abonar el dinero correspondiente a 3 fases de ranking, en funci\u00f3n de si es socio\/a o no.<\/span><\/p>\n<p style=\"text-align: justify;\"><span style=\"font-family: Montserrat; font-weight: normal;\">Cada partido deber\u00e1 ser reservado por uno de los rivales, habiendo acordado previamente la fecha y hora correspondientes. En el caso de que un@ no pueda disputar el partido reservado en la fecha y hora fijadas, deber\u00e1 avisar al rival con al menos 24 horas de antelaci\u00f3n a la disputa del enfrentamiento.<\/span><\/p>\n<p style=\"text-align: justify;\"><span style=\"font-family: Montserrat; font-weight: normal;\">En caso de que el partido aplazado no pueda disputarse ni en la primera de las fechas fijadas por ambos, ni en fechas posteriores, el partido se dar\u00e1 por perdido a ambos con una suma de o puntos en dicho partido.<\/span><\/p>\n<p style=\"text-align: justify;\"><span style=\"font-family: Montserrat; font-weight: normal;\">En caso de que que las anulaciones se hayan producido siempre por la misma persona, se dar\u00e1 el partido ganado al oponente por 6\/0 6\/0, sumando cero puntos la persona que anul\u00f3 los encuentros y debiendo pagar una sanci\u00f3n de 10 euros por persona.<\/span><\/p>\n<p>[\/et_pb_text][\/et_pb_column][\/et_pb_row][\/et_pb_section]<\/p>\n","protected":false},"excerpt":{"rendered":"<p>SISTEMA DE PUNTUACI\u00d3N DEL RANKING1. Los partidos se jugar\u00e1n al mejor de 3 sets con tie break en todos ellos siendo el tercer set a un supertiebreak de 10 puntos.2. Puntaci\u00f3n de los partidos: Partido ganado &#8211; 3 puntos. Partido perdido &#8211; 1 punto. Partido no jugado por W.O. injustificado, 0 puntos para la pareja [&hellip;]<\/p>\n","protected":false},"author":1,"featured_media":0,"parent":0,"menu_order":0,"comment_status":"closed","ping_status":"closed","template":"","meta":{"_et_pb_use_builder":"on","_et_pb_old_content":"","_et_gb_content_width":"","footnotes":""},"class_list":["post-554","page","type-page","status-publish","hentry"],"yoast_head":"<!-- This site is optimized with the Yoast SEO plugin v27.3 - https:\/\/yoast.com\/product\/yoast-seo-wordpress\/ -->\n<title>Reglas de P\u00e1del | Club de Tenis A Pedralba<\/title>\n<meta name=\"description\" content=\"Reglas de p\u00e1del, sistema de clasificaci\u00f3n e informaci\u00f3n a cerca de los procesos para reserva de pista, descalificaciones,...\" \/>\n<meta name=\"robots\" content=\"index, follow, max-snippet:-1, max-image-preview:large, max-video-preview:-1\" \/>\n<link rel=\"canonical\" href=\"https:\/\/zalotp.es\/gl\/reglas-padel\/\" \/>\n<meta property=\"og:locale\" content=\"gl_ES\" \/>\n<meta property=\"og:type\" content=\"article\" \/>\n<meta property=\"og:title\" content=\"Reglas de P\u00e1del | Club de Tenis A Pedralba\" \/>\n<meta property=\"og:description\" content=\"Reglas de p\u00e1del, sistema de clasificaci\u00f3n e informaci\u00f3n a cerca de los procesos para reserva de pista, descalificaciones,...\" \/>\n<meta property=\"og:url\" content=\"https:\/\/zalotp.es\/gl\/reglas-padel\/\" \/>\n<meta property=\"og:site_name\" content=\"zalotp\" \/>\n<meta property=\"article:modified_time\" content=\"2025-03-28T10:39:29+00:00\" \/>\n<meta name=\"twitter:card\" content=\"summary_large_image\" \/>\n<meta name=\"twitter:label1\" content=\"Tempo de lectura\" \/>\n\t<meta name=\"twitter:data1\" content=\"3 minutos\" \/>\n<script type=\"application\/ld+json\" class=\"yoast-schema-graph\">{\"@context\":\"https:\\\/\\\/schema.org\",\"@graph\":[{\"@type\":\"WebPage\",\"@id\":\"https:\\\/\\\/zalotp.es\\\/reglas-padel\\\/\",\"url\":\"https:\\\/\\\/zalotp.es\\\/reglas-padel\\\/\",\"name\":\"Reglas de P\u00e1del | Club de Tenis A Pedralba\",\"isPartOf\":{\"@id\":\"https:\\\/\\\/zalotp.es\\\/#website\"},\"datePublished\":\"2024-12-09T15:10:35+00:00\",\"dateModified\":\"2025-03-28T10:39:29+00:00\",\"description\":\"Reglas de p\u00e1del, sistema de clasificaci\u00f3n e informaci\u00f3n a cerca de los procesos para reserva de pista, descalificaciones,...\",\"breadcrumb\":{\"@id\":\"https:\\\/\\\/zalotp.es\\\/reglas-padel\\\/#breadcrumb\"},\"inLanguage\":\"gl-ES\",\"potentialAction\":[{\"@type\":\"ReadAction\",\"target\":[\"https:\\\/\\\/zalotp.es\\\/reglas-padel\\\/\"]}]},{\"@type\":\"BreadcrumbList\",\"@id\":\"https:\\\/\\\/zalotp.es\\\/reglas-padel\\\/#breadcrumb\",\"itemListElement\":[{\"@type\":\"ListItem\",\"position\":1,\"name\":\"Portada\",\"item\":\"https:\\\/\\\/zalotp.es\\\/\"},{\"@type\":\"ListItem\",\"position\":2,\"name\":\"Reglas-padel\"}]},{\"@type\":\"WebSite\",\"@id\":\"https:\\\/\\\/zalotp.es\\\/#website\",\"url\":\"https:\\\/\\\/zalotp.es\\\/\",\"name\":\"Zalotp\",\"description\":\"Rankings p\u00e1del y tenis\",\"potentialAction\":[{\"@type\":\"SearchAction\",\"target\":{\"@type\":\"EntryPoint\",\"urlTemplate\":\"https:\\\/\\\/zalotp.es\\\/?s={search_term_string}\"},\"query-input\":{\"@type\":\"PropertyValueSpecification\",\"valueRequired\":true,\"valueName\":\"search_term_string\"}}],\"inLanguage\":\"gl-ES\"}]}<\/script>\n<!-- \/ Yoast SEO plugin. -->","yoast_head_json":{"title":"Reglas de P\u00e1del | Club de Tenis A Pedralba","description":"Reglas de p\u00e1del, sistema de clasificaci\u00f3n e informaci\u00f3n a cerca de los procesos para reserva de pista, descalificaciones,...","robots":{"index":"index","follow":"follow","max-snippet":"max-snippet:-1","max-image-preview":"max-image-preview:large","max-video-preview":"max-video-preview:-1"},"canonical":"https:\/\/zalotp.es\/gl\/reglas-padel\/","og_locale":"gl_ES","og_type":"article","og_title":"Reglas de P\u00e1del | Club de Tenis A Pedralba","og_description":"Reglas de p\u00e1del, sistema de clasificaci\u00f3n e informaci\u00f3n a cerca de los procesos para reserva de pista, descalificaciones,...","og_url":"https:\/\/zalotp.es\/gl\/reglas-padel\/","og_site_name":"zalotp","article_modified_time":"2025-03-28T10:39:29+00:00","twitter_card":"summary_large_image","twitter_misc":{"Tempo de lectura":"3 minutos"},"schema":{"@context":"https:\/\/schema.org","@graph":[{"@type":"WebPage","@id":"https:\/\/zalotp.es\/reglas-padel\/","url":"https:\/\/zalotp.es\/reglas-padel\/","name":"Reglas de P\u00e1del | Club de Tenis A Pedralba","isPartOf":{"@id":"https:\/\/zalotp.es\/#website"},"datePublished":"2024-12-09T15:10:35+00:00","dateModified":"2025-03-28T10:39:29+00:00","description":"Reglas de p\u00e1del, sistema de clasificaci\u00f3n e informaci\u00f3n a cerca de los procesos para reserva de pista, descalificaciones,...","breadcrumb":{"@id":"https:\/\/zalotp.es\/reglas-padel\/#breadcrumb"},"inLanguage":"gl-ES","potentialAction":[{"@type":"ReadAction","target":["https:\/\/zalotp.es\/reglas-padel\/"]}]},{"@type":"BreadcrumbList","@id":"https:\/\/zalotp.es\/reglas-padel\/#breadcrumb","itemListElement":[{"@type":"ListItem","position":1,"name":"Portada","item":"https:\/\/zalotp.es\/"},{"@type":"ListItem","position":2,"name":"Reglas-padel"}]},{"@type":"WebSite","@id":"https:\/\/zalotp.es\/#website","url":"https:\/\/zalotp.es\/","name":"Zalotp","description":"Rankings p\u00e1del y tenis","potentialAction":[{"@type":"SearchAction","target":{"@type":"EntryPoint","urlTemplate":"https:\/\/zalotp.es\/?s={search_term_string}"},"query-input":{"@type":"PropertyValueSpecification","valueRequired":true,"valueName":"search_term_string"}}],"inLanguage":"gl-ES"}]}},"_links":{"self":[{"href":"https:\/\/zalotp.es\/gl\/wp-json\/wp\/v2\/pages\/554","targetHints":{"allow":["GET"]}}],"collection":[{"href":"https:\/\/zalotp.es\/gl\/wp-json\/wp\/v2\/pages"}],"about":[{"href":"https:\/\/zalotp.es\/gl\/wp-json\/wp\/v2\/types\/page"}],"author":[{"embeddable":true,"href":"https:\/\/zalotp.es\/gl\/wp-json\/wp\/v2\/users\/1"}],"replies":[{"embeddable":true,"href":"https:\/\/zalotp.es\/gl\/wp-json\/wp\/v2\/comments?post=554"}],"version-history":[{"count":101,"href":"https:\/\/zalotp.es\/gl\/wp-json\/wp\/v2\/pages\/554\/revisions"}],"predecessor-version":[{"id":1911,"href":"https:\/\/zalotp.es\/gl\/wp-json\/wp\/v2\/pages\/554\/revisions\/1911"}],"wp:attachment":[{"href":"https:\/\/zalotp.es\/gl\/wp-json\/wp\/v2\/media?parent=554"}],"curies":[{"name":"wp","href":"https:\/\/api.w.org\/{rel}","templated":true}]}}