{"id":384,"date":"2024-12-05T09:33:59","date_gmt":"2024-12-05T09:33:59","guid":{"rendered":"http:\/\/zalotp.es\/?page_id=384"},"modified":"2026-03-04T13:46:47","modified_gmt":"2026-03-04T13:46:47","slug":"ranking-padel","status":"publish","type":"page","link":"https:\/\/zalotp.es\/gl\/ranking-padel\/","title":{"rendered":"Padel"},"content":{"rendered":"<p>[et_pb_section fb_built=&#8221;1&#8243; _builder_version=&#8221;4.27.4&#8243; _module_preset=&#8221;default&#8221; custom_margin=&#8221;-194px|||||&#8221; global_colors_info=&#8221;{}&#8221;][et_pb_row _builder_version=&#8221;4.27.4&#8243; _module_preset=&#8221;default&#8221; background_enable_image=&#8221;off&#8221; width=&#8221;100%&#8221; max_width=&#8221;100%&#8221; custom_padding=&#8221;||67px|||&#8221; global_colors_info=&#8221;{}&#8221;][et_pb_column type=&#8221;4_4&#8243; _builder_version=&#8221;4.27.4&#8243; _module_preset=&#8221;default&#8221; global_colors_info=&#8221;{}&#8221;][\/et_pb_column][\/et_pb_row][et_pb_row _builder_version=&#8221;4.27.4&#8243; _module_preset=&#8221;default&#8221; custom_padding=&#8221;|||0px||&#8221; global_colors_info=&#8221;{}&#8221;][et_pb_column type=&#8221;4_4&#8243; _builder_version=&#8221;4.27.4&#8243; _module_preset=&#8221;default&#8221; global_colors_info=&#8221;{}&#8221;][\/et_pb_column][\/et_pb_row][et_pb_row _builder_version=&#8221;4.27.4&#8243; _module_preset=&#8221;default&#8221; width=&#8221;100%&#8221; max_width=&#8221;100%&#8221; global_colors_info=&#8221;{}&#8221;][et_pb_column type=&#8221;4_4&#8243; _builder_version=&#8221;4.27.4&#8243; _module_preset=&#8221;default&#8221; global_colors_info=&#8221;{}&#8221;][et_pb_code _builder_version=&#8221;4.27.4&#8243; _module_preset=&#8221;default&#8221; hover_enabled=&#8221;0&#8243; global_colors_info=&#8221;{}&#8221; admin_label=&#8221;C\u00f3digo&#8221; sticky_enabled=&#8221;0&#8243;]<\/p>\n<div class=\"ranking-padel-container\"><\/div>\n<p>[\/et_pb_code][\/et_pb_column][\/et_pb_row][\/et_pb_section]<\/p>\n","protected":false},"excerpt":{"rendered":"","protected":false},"author":1,"featured_media":0,"parent":0,"menu_order":0,"comment_status":"closed","ping_status":"closed","template":"","meta":{"_et_pb_use_builder":"on","_et_pb_old_content":"<!-- wp:divi\/placeholder \/-->","_et_gb_content_width":"","footnotes":""},"class_list":["post-384","page","type-page","status-publish","hentry"],"yoast_head":"<!-- This site is optimized with the Yoast SEO plugin v27.3 - https:\/\/yoast.com\/product\/yoast-seo-wordpress\/ -->\n<title>Ranking de P\u00e1del | Club A Pedralba<\/title>\n<meta name=\"description\" content=\"Revisa el ranking de p\u00e1del del Club A Pedralba. Conoce las posiciones de los mejores jugadores y sigue de cerca su posici\u00f3n en el ranking.\" \/>\n<meta name=\"robots\" content=\"index, follow, max-snippet:-1, max-image-preview:large, max-video-preview:-1\" \/>\n<link rel=\"canonical\" href=\"https:\/\/zalotp.es\/gl\/ranking-padel\/\" \/>\n<meta property=\"og:locale\" content=\"gl_ES\" \/>\n<meta property=\"og:type\" content=\"article\" \/>\n<meta property=\"og:title\" content=\"Ranking de P\u00e1del | Club A Pedralba\" \/>\n<meta property=\"og:description\" content=\"Revisa el ranking de p\u00e1del del Club A Pedralba. Conoce las posiciones de los mejores jugadores y sigue de cerca su posici\u00f3n en el ranking.\" \/>\n<meta property=\"og:url\" content=\"https:\/\/zalotp.es\/gl\/ranking-padel\/\" \/>\n<meta property=\"og:site_name\" content=\"zalotp\" \/>\n<meta property=\"article:modified_time\" content=\"2026-03-04T13:46:47+00:00\" \/>\n<meta name=\"twitter:card\" content=\"summary_large_image\" \/>\n<meta name=\"twitter:label1\" content=\"Tempo de lectura\" \/>\n\t<meta name=\"twitter:data1\" content=\"1 minuto\" \/>\n<script type=\"application\/ld+json\" class=\"yoast-schema-graph\">{\"@context\":\"https:\\\/\\\/schema.org\",\"@graph\":[{\"@type\":\"WebPage\",\"@id\":\"https:\\\/\\\/zalotp.es\\\/ranking-padel\\\/\",\"url\":\"https:\\\/\\\/zalotp.es\\\/ranking-padel\\\/\",\"name\":\"Ranking de P\u00e1del | Club A Pedralba\",\"isPartOf\":{\"@id\":\"https:\\\/\\\/zalotp.es\\\/#website\"},\"datePublished\":\"2024-12-05T09:33:59+00:00\",\"dateModified\":\"2026-03-04T13:46:47+00:00\",\"description\":\"Revisa el ranking de p\u00e1del del Club A Pedralba. Conoce las posiciones de los mejores jugadores y sigue de cerca su posici\u00f3n en el ranking.\",\"breadcrumb\":{\"@id\":\"https:\\\/\\\/zalotp.es\\\/ranking-padel\\\/#breadcrumb\"},\"inLanguage\":\"gl-ES\",\"potentialAction\":[{\"@type\":\"ReadAction\",\"target\":[\"https:\\\/\\\/zalotp.es\\\/ranking-padel\\\/\"]}]},{\"@type\":\"BreadcrumbList\",\"@id\":\"https:\\\/\\\/zalotp.es\\\/ranking-padel\\\/#breadcrumb\",\"itemListElement\":[{\"@type\":\"ListItem\",\"position\":1,\"name\":\"Portada\",\"item\":\"https:\\\/\\\/zalotp.es\\\/\"},{\"@type\":\"ListItem\",\"position\":2,\"name\":\"Padel\"}]},{\"@type\":\"WebSite\",\"@id\":\"https:\\\/\\\/zalotp.es\\\/#website\",\"url\":\"https:\\\/\\\/zalotp.es\\\/\",\"name\":\"Zalotp\",\"description\":\"Rankings p\u00e1del y tenis\",\"potentialAction\":[{\"@type\":\"SearchAction\",\"target\":{\"@type\":\"EntryPoint\",\"urlTemplate\":\"https:\\\/\\\/zalotp.es\\\/?s={search_term_string}\"},\"query-input\":{\"@type\":\"PropertyValueSpecification\",\"valueRequired\":true,\"valueName\":\"search_term_string\"}}],\"inLanguage\":\"gl-ES\"}]}<\/script>\n<!-- \/ Yoast SEO plugin. -->","yoast_head_json":{"title":"Ranking de P\u00e1del | Club A Pedralba","description":"Revisa el ranking de p\u00e1del del Club A Pedralba. Conoce las posiciones de los mejores jugadores y sigue de cerca su posici\u00f3n en el ranking.","robots":{"index":"index","follow":"follow","max-snippet":"max-snippet:-1","max-image-preview":"max-image-preview:large","max-video-preview":"max-video-preview:-1"},"canonical":"https:\/\/zalotp.es\/gl\/ranking-padel\/","og_locale":"gl_ES","og_type":"article","og_title":"Ranking de P\u00e1del | Club A Pedralba","og_description":"Revisa el ranking de p\u00e1del del Club A Pedralba. Conoce las posiciones de los mejores jugadores y sigue de cerca su posici\u00f3n en el ranking.","og_url":"https:\/\/zalotp.es\/gl\/ranking-padel\/","og_site_name":"zalotp","article_modified_time":"2026-03-04T13:46:47+00:00","twitter_card":"summary_large_image","twitter_misc":{"Tempo de lectura":"1 minuto"},"schema":{"@context":"https:\/\/schema.org","@graph":[{"@type":"WebPage","@id":"https:\/\/zalotp.es\/ranking-padel\/","url":"https:\/\/zalotp.es\/ranking-padel\/","name":"Ranking de P\u00e1del | Club A Pedralba","isPartOf":{"@id":"https:\/\/zalotp.es\/#website"},"datePublished":"2024-12-05T09:33:59+00:00","dateModified":"2026-03-04T13:46:47+00:00","description":"Revisa el ranking de p\u00e1del del Club A Pedralba. Conoce las posiciones de los mejores jugadores y sigue de cerca su posici\u00f3n en el ranking.","breadcrumb":{"@id":"https:\/\/zalotp.es\/ranking-padel\/#breadcrumb"},"inLanguage":"gl-ES","potentialAction":[{"@type":"ReadAction","target":["https:\/\/zalotp.es\/ranking-padel\/"]}]},{"@type":"BreadcrumbList","@id":"https:\/\/zalotp.es\/ranking-padel\/#breadcrumb","itemListElement":[{"@type":"ListItem","position":1,"name":"Portada","item":"https:\/\/zalotp.es\/"},{"@type":"ListItem","position":2,"name":"Padel"}]},{"@type":"WebSite","@id":"https:\/\/zalotp.es\/#website","url":"https:\/\/zalotp.es\/","name":"Zalotp","description":"Rankings p\u00e1del y tenis","potentialAction":[{"@type":"SearchAction","target":{"@type":"EntryPoint","urlTemplate":"https:\/\/zalotp.es\/?s={search_term_string}"},"query-input":{"@type":"PropertyValueSpecification","valueRequired":true,"valueName":"search_term_string"}}],"inLanguage":"gl-ES"}]}},"_links":{"self":[{"href":"https:\/\/zalotp.es\/gl\/wp-json\/wp\/v2\/pages\/384","targetHints":{"allow":["GET"]}}],"collection":[{"href":"https:\/\/zalotp.es\/gl\/wp-json\/wp\/v2\/pages"}],"about":[{"href":"https:\/\/zalotp.es\/gl\/wp-json\/wp\/v2\/types\/page"}],"author":[{"embeddable":true,"href":"https:\/\/zalotp.es\/gl\/wp-json\/wp\/v2\/users\/1"}],"replies":[{"embeddable":true,"href":"https:\/\/zalotp.es\/gl\/wp-json\/wp\/v2\/comments?post=384"}],"version-history":[{"count":55,"href":"https:\/\/zalotp.es\/gl\/wp-json\/wp\/v2\/pages\/384\/revisions"}],"predecessor-version":[{"id":2229,"href":"https:\/\/zalotp.es\/gl\/wp-json\/wp\/v2\/pages\/384\/revisions\/2229"}],"wp:attachment":[{"href":"https:\/\/zalotp.es\/gl\/wp-json\/wp\/v2\/media?parent=384"}],"curies":[{"name":"wp","href":"https:\/\/api.w.org\/{rel}","templated":true}]}}