{"id":2160,"date":"2025-05-12T15:54:20","date_gmt":"2025-05-12T15:54:20","guid":{"rendered":"https:\/\/zalotp.es\/?page_id=2160"},"modified":"2025-05-12T15:58:35","modified_gmt":"2025-05-12T15:58:35","slug":"clausula-de-proteccion-de-datos","status":"publish","type":"page","link":"https:\/\/zalotp.es\/gl\/clausula-de-proteccion-de-datos\/","title":{"rendered":"Cl\u00e1usula de protecci\u00f3n de datos"},"content":{"rendered":"<p>[et_pb_section fb_built=&#8221;1&#8243; theme_builder_area=&#8221;post_content&#8221; _builder_version=&#8221;4.27.4&#8243; _module_preset=&#8221;default&#8221; hover_enabled=&#8221;0&#8243; sticky_enabled=&#8221;0&#8243;][et_pb_row _builder_version=&#8221;4.27.4&#8243; _module_preset=&#8221;default&#8221; theme_builder_area=&#8221;post_content&#8221;][et_pb_column _builder_version=&#8221;4.27.4&#8243; _module_preset=&#8221;default&#8221; type=&#8221;4_4&#8243; theme_builder_area=&#8221;post_content&#8221;][et_pb_text _builder_version=&#8221;4.27.4&#8243; _module_preset=&#8221;default&#8221; theme_builder_area=&#8221;post_content&#8221; hover_enabled=&#8221;0&#8243; sticky_enabled=&#8221;0&#8243;]<\/p>\n<p data-start=\"0\" data-end=\"37\"><strong data-start=\"0\" data-end=\"35\">Cl\u00e1usula de Pr<\/strong><strong data-start=\"0\" data-end=\"35\">otecci\u00f3n de Datos<\/strong><\/p>\n<p data-start=\"0\" data-end=\"37\"><span style=\"font-size: 14px;\">De conformidad con el Reglamento (UE) 2016\/679 (RGPD) y la Ley Org\u00e1nica 3\/2018, de Protecci\u00f3n de Datos Personales y garant\u00eda de los derechos digitales (LOPDGDD), le informamos de lo siguiente:<\/span><\/p>\n<p data-start=\"236\" data-end=\"433\"><strong data-start=\"236\" data-end=\"267\">Responsable del tratamiento<\/strong><br data-start=\"267\" data-end=\"270\" \/>Gonzalo Casal Barbuzano<br data-start=\"313\" data-end=\"316\" \/>DNI: 53308318E<br data-start=\"380\" data-end=\"383\" data-is-only-node=\"\" \/>Email: gonzalocasal1993@gmail.com<\/p>\n<p data-start=\"438\" data-end=\"702\"><strong data-start=\"438\" data-end=\"467\">Finalidad del tratamiento<\/strong><br data-start=\"467\" data-end=\"470\" \/>Los datos facilitados se recaban \u00fanica y exclusivamente para gestionar la inscripci\u00f3n, la organizaci\u00f3n y el correcto desarrollo de las actividades del campamento, as\u00ed como para atender posibles incidencias m\u00e9dicas o de seguridad.<\/p>\n<p data-start=\"438\" data-end=\"702\"><strong data-start=\"707\" data-end=\"723\">Legitimaci\u00f3n<\/strong><br data-start=\"723\" data-end=\"726\" \/>El tratamiento se basa en el consentimiento del interesado (art. 6.1.a RGPD) y en la necesidad de ejecuci\u00f3n del contrato de prestaci\u00f3n de servicios (art. 6.1.b RGPD).<\/p>\n<p data-start=\"900\" data-end=\"1131\"><strong data-start=\"900\" data-end=\"917\">Destinatarios<\/strong><br data-start=\"917\" data-end=\"920\" \/>No se ceder\u00e1n datos a terceros, salvo obligaci\u00f3n legal. Los datos podr\u00e1n comunicarse exclusivamente a personal sanitario o de emergencias, si fuera necesario para garantizar la atenci\u00f3n y seguridad del menor.<\/p>\n<p data-start=\"1136\" data-end=\"1381\"><strong data-start=\"1136\" data-end=\"1152\">Conservaci\u00f3n<\/strong><br data-start=\"1152\" data-end=\"1155\" \/>Los datos se conservar\u00e1n durante el tiempo necesario para cumplir con la finalidad para la que se recabaron y mientras no se solicite su supresi\u00f3n por el interesado, o hasta cumplir las obligaciones legales de conservaci\u00f3n.<\/p>\n<p data-start=\"1386\" data-end=\"1722\"><strong data-start=\"1386\" data-end=\"1417\">Derechos de los interesados<\/strong><br data-start=\"1417\" data-end=\"1420\" \/>Usted podr\u00e1 en cualquier momento ejercer los derechos de acceso, rectificaci\u00f3n, supresi\u00f3n, oposici\u00f3n, limitaci\u00f3n del tratamiento y portabilidad de sus datos, dirigi\u00e9ndose por escrito al responsable en la direcci\u00f3n indicada o enviando un correo electr\u00f3nico a gonzalocasal1993@gmail.com.<\/p>\n<p data-start=\"1727\" data-end=\"1958\"><strong data-start=\"1727\" data-end=\"1760\">Revocaci\u00f3n del consentimiento<\/strong><br data-start=\"1760\" data-end=\"1763\" \/>Puede retirar el consentimiento prestado para el tratamiento de sus datos en cualquier momento, sin que ello afecte la licitud del tratamiento basado en el consentimiento previo a su retirada.<\/p>\n<p data-start=\"1963\" data-end=\"2175\"><strong data-start=\"1963\" data-end=\"1996\">Presentaci\u00f3n de reclamaciones<\/strong><br data-start=\"1996\" data-end=\"1999\" \/>Si considera que el tratamiento realizado no se ajusta a la normativa vigente, podr\u00e1 presentar una reclamaci\u00f3n ante la Agencia Espa\u00f1ola de Protecci\u00f3n de Datos (<a data-start=\"2162\" data-end=\"2173\" rel=\"noopener\" target=\"_new\" class=\"\" href=\"http:\/\/www.aepd.es\">www.aepd.es<\/a>).<\/p>\n<p>[\/et_pb_text][\/et_pb_column][\/et_pb_row][\/et_pb_section]<\/p>\n","protected":false},"excerpt":{"rendered":"<p>Cl\u00e1usula de Protecci\u00f3n de Datos De conformidad con el Reglamento (UE) 2016\/679 (RGPD) y la Ley Org\u00e1nica 3\/2018, de Protecci\u00f3n de Datos Personales y garant\u00eda de los derechos digitales (LOPDGDD), le informamos de lo siguiente: Responsable del tratamientoGonzalo Casal BarbuzanoDNI: 53308318EEmail: gonzalocasal1993@gmail.com Finalidad del tratamientoLos datos facilitados se recaban \u00fanica y exclusivamente para gestionar la [&hellip;]<\/p>\n","protected":false},"author":3,"featured_media":0,"parent":0,"menu_order":0,"comment_status":"closed","ping_status":"closed","template":"","meta":{"_et_pb_use_builder":"on","_et_pb_old_content":"","_et_gb_content_width":"","footnotes":""},"class_list":["post-2160","page","type-page","status-publish","hentry"],"yoast_head":"<!-- This site is optimized with the Yoast SEO plugin v27.3 - https:\/\/yoast.com\/product\/yoast-seo-wordpress\/ -->\n<title>Cl\u00e1usula de protecci\u00f3n de datos - zalotp<\/title>\n<meta name=\"robots\" content=\"index, follow, max-snippet:-1, max-image-preview:large, max-video-preview:-1\" \/>\n<link rel=\"canonical\" href=\"https:\/\/zalotp.es\/gl\/clausula-de-proteccion-de-datos\/\" \/>\n<meta property=\"og:locale\" content=\"gl_ES\" \/>\n<meta property=\"og:type\" content=\"article\" \/>\n<meta property=\"og:title\" content=\"Cl\u00e1usula de protecci\u00f3n de datos - zalotp\" \/>\n<meta property=\"og:description\" content=\"Cl\u00e1usula de Protecci\u00f3n de Datos De conformidad con el Reglamento (UE) 2016\/679 (RGPD) y la Ley Org\u00e1nica 3\/2018, de Protecci\u00f3n de Datos Personales y garant\u00eda de los derechos digitales (LOPDGDD), le informamos de lo siguiente: Responsable del tratamientoGonzalo Casal BarbuzanoDNI: 53308318EEmail: gonzalocasal1993@gmail.com Finalidad del tratamientoLos datos facilitados se recaban \u00fanica y exclusivamente para gestionar la [&hellip;]\" \/>\n<meta property=\"og:url\" content=\"https:\/\/zalotp.es\/gl\/clausula-de-proteccion-de-datos\/\" \/>\n<meta property=\"og:site_name\" content=\"zalotp\" \/>\n<meta property=\"article:modified_time\" content=\"2025-05-12T15:58:35+00:00\" \/>\n<meta name=\"twitter:card\" content=\"summary_large_image\" \/>\n<script type=\"application\/ld+json\" class=\"yoast-schema-graph\">{\"@context\":\"https:\\\/\\\/schema.org\",\"@graph\":[{\"@type\":\"WebPage\",\"@id\":\"https:\\\/\\\/zalotp.es\\\/clausula-de-proteccion-de-datos\\\/\",\"url\":\"https:\\\/\\\/zalotp.es\\\/clausula-de-proteccion-de-datos\\\/\",\"name\":\"Cl\u00e1usula de protecci\u00f3n de datos - zalotp\",\"isPartOf\":{\"@id\":\"https:\\\/\\\/zalotp.es\\\/#website\"},\"datePublished\":\"2025-05-12T15:54:20+00:00\",\"dateModified\":\"2025-05-12T15:58:35+00:00\",\"breadcrumb\":{\"@id\":\"https:\\\/\\\/zalotp.es\\\/clausula-de-proteccion-de-datos\\\/#breadcrumb\"},\"inLanguage\":\"gl-ES\",\"potentialAction\":[{\"@type\":\"ReadAction\",\"target\":[\"https:\\\/\\\/zalotp.es\\\/clausula-de-proteccion-de-datos\\\/\"]}]},{\"@type\":\"BreadcrumbList\",\"@id\":\"https:\\\/\\\/zalotp.es\\\/clausula-de-proteccion-de-datos\\\/#breadcrumb\",\"itemListElement\":[{\"@type\":\"ListItem\",\"position\":1,\"name\":\"Portada\",\"item\":\"https:\\\/\\\/zalotp.es\\\/\"},{\"@type\":\"ListItem\",\"position\":2,\"name\":\"Cl\u00e1usula de protecci\u00f3n de datos\"}]},{\"@type\":\"WebSite\",\"@id\":\"https:\\\/\\\/zalotp.es\\\/#website\",\"url\":\"https:\\\/\\\/zalotp.es\\\/\",\"name\":\"Zalotp\",\"description\":\"Rankings p\u00e1del y tenis\",\"potentialAction\":[{\"@type\":\"SearchAction\",\"target\":{\"@type\":\"EntryPoint\",\"urlTemplate\":\"https:\\\/\\\/zalotp.es\\\/?s={search_term_string}\"},\"query-input\":{\"@type\":\"PropertyValueSpecification\",\"valueRequired\":true,\"valueName\":\"search_term_string\"}}],\"inLanguage\":\"gl-ES\"}]}<\/script>\n<!-- \/ Yoast SEO plugin. -->","yoast_head_json":{"title":"Cl\u00e1usula de protecci\u00f3n de datos - zalotp","robots":{"index":"index","follow":"follow","max-snippet":"max-snippet:-1","max-image-preview":"max-image-preview:large","max-video-preview":"max-video-preview:-1"},"canonical":"https:\/\/zalotp.es\/gl\/clausula-de-proteccion-de-datos\/","og_locale":"gl_ES","og_type":"article","og_title":"Cl\u00e1usula de protecci\u00f3n de datos - zalotp","og_description":"Cl\u00e1usula de Protecci\u00f3n de Datos De conformidad con el Reglamento (UE) 2016\/679 (RGPD) y la Ley Org\u00e1nica 3\/2018, de Protecci\u00f3n de Datos Personales y garant\u00eda de los derechos digitales (LOPDGDD), le informamos de lo siguiente: Responsable del tratamientoGonzalo Casal BarbuzanoDNI: 53308318EEmail: gonzalocasal1993@gmail.com Finalidad del tratamientoLos datos facilitados se recaban \u00fanica y exclusivamente para gestionar la [&hellip;]","og_url":"https:\/\/zalotp.es\/gl\/clausula-de-proteccion-de-datos\/","og_site_name":"zalotp","article_modified_time":"2025-05-12T15:58:35+00:00","twitter_card":"summary_large_image","schema":{"@context":"https:\/\/schema.org","@graph":[{"@type":"WebPage","@id":"https:\/\/zalotp.es\/clausula-de-proteccion-de-datos\/","url":"https:\/\/zalotp.es\/clausula-de-proteccion-de-datos\/","name":"Cl\u00e1usula de protecci\u00f3n de datos - zalotp","isPartOf":{"@id":"https:\/\/zalotp.es\/#website"},"datePublished":"2025-05-12T15:54:20+00:00","dateModified":"2025-05-12T15:58:35+00:00","breadcrumb":{"@id":"https:\/\/zalotp.es\/clausula-de-proteccion-de-datos\/#breadcrumb"},"inLanguage":"gl-ES","potentialAction":[{"@type":"ReadAction","target":["https:\/\/zalotp.es\/clausula-de-proteccion-de-datos\/"]}]},{"@type":"BreadcrumbList","@id":"https:\/\/zalotp.es\/clausula-de-proteccion-de-datos\/#breadcrumb","itemListElement":[{"@type":"ListItem","position":1,"name":"Portada","item":"https:\/\/zalotp.es\/"},{"@type":"ListItem","position":2,"name":"Cl\u00e1usula de protecci\u00f3n de datos"}]},{"@type":"WebSite","@id":"https:\/\/zalotp.es\/#website","url":"https:\/\/zalotp.es\/","name":"Zalotp","description":"Rankings p\u00e1del y tenis","potentialAction":[{"@type":"SearchAction","target":{"@type":"EntryPoint","urlTemplate":"https:\/\/zalotp.es\/?s={search_term_string}"},"query-input":{"@type":"PropertyValueSpecification","valueRequired":true,"valueName":"search_term_string"}}],"inLanguage":"gl-ES"}]}},"_links":{"self":[{"href":"https:\/\/zalotp.es\/gl\/wp-json\/wp\/v2\/pages\/2160","targetHints":{"allow":["GET"]}}],"collection":[{"href":"https:\/\/zalotp.es\/gl\/wp-json\/wp\/v2\/pages"}],"about":[{"href":"https:\/\/zalotp.es\/gl\/wp-json\/wp\/v2\/types\/page"}],"author":[{"embeddable":true,"href":"https:\/\/zalotp.es\/gl\/wp-json\/wp\/v2\/users\/3"}],"replies":[{"embeddable":true,"href":"https:\/\/zalotp.es\/gl\/wp-json\/wp\/v2\/comments?post=2160"}],"version-history":[{"count":3,"href":"https:\/\/zalotp.es\/gl\/wp-json\/wp\/v2\/pages\/2160\/revisions"}],"predecessor-version":[{"id":2164,"href":"https:\/\/zalotp.es\/gl\/wp-json\/wp\/v2\/pages\/2160\/revisions\/2164"}],"wp:attachment":[{"href":"https:\/\/zalotp.es\/gl\/wp-json\/wp\/v2\/media?parent=2160"}],"curies":[{"name":"wp","href":"https:\/\/api.w.org\/{rel}","templated":true}]}}