{"id":2139,"date":"2025-05-12T15:04:08","date_gmt":"2025-05-12T15:04:08","guid":{"rendered":"https:\/\/zalotp.es\/?page_id=2139"},"modified":"2025-06-04T15:49:31","modified_gmt":"2025-06-04T15:49:31","slug":"inscribete","status":"publish","type":"page","link":"https:\/\/zalotp.es\/gl\/inscribete\/","title":{"rendered":"Inscr\u00edbete"},"content":{"rendered":"<p>[et_pb_section fb_built=&#8221;1&#8243; _builder_version=&#8221;4.27.4&#8243; _module_preset=&#8221;default&#8221; global_colors_info=&#8221;{}&#8221;][et_pb_row _builder_version=&#8221;4.27.4&#8243; _module_preset=&#8221;default&#8221; global_colors_info=&#8221;{}&#8221; custom_padding=&#8221;466px|||||&#8221;][et_pb_column type=&#8221;4_4&#8243; _builder_version=&#8221;4.27.4&#8243; _module_preset=&#8221;default&#8221; global_colors_info=&#8221;{}&#8221;][et_pb_image src=&#8221;data:image\/svg+xml;base64,PHN2ZyB3aWR0aD0iMTA4MCIgaGVpZ2h0PSI1NDAiIHZpZXdCb3g9IjAgMCAxMDgwIDU0MCIgeG1sbnM9Imh0dHA6Ly93d3cudzMub3JnLzIwMDAvc3ZnIj4KICAgIDxnIGZpbGw9Im5vbmUiIGZpbGwtcnVsZT0iZXZlbm9kZCI+CiAgICAgICAgPHBhdGggZmlsbD0iI0VCRUJFQiIgZD0iTTAgMGgxMDgwdjU0MEgweiIvPgogICAgICAgIDxwYXRoIGQ9Ik00NDUuNjQ5IDU0MGgtOTguOTk1TDE0NC42NDkgMzM3Ljk5NSAwIDQ4Mi42NDR2LTk4Ljk5NWwxMTYuMzY1LTExNi4zNjVjMTUuNjItMTUuNjIgNDAuOTQ3LTE1LjYyIDU2LjU2OCAwTDQ0NS42NSA1NDB6IiBmaWxsLW9wYWNpdHk9Ii4xIiBmaWxsPSIjMDAwIiBmaWxsLXJ1bGU9Im5vbnplcm8iLz4KICAgICAgICA8Y2lyY2xlIGZpbGwtb3BhY2l0eT0iLjA1IiBmaWxsPSIjMDAwIiBjeD0iMzMxIiBjeT0iMTQ4IiByPSI3MCIvPgogICAgICAgIDxwYXRoIGQ9Ik0xMDgwIDM3OXYxMTMuMTM3TDcyOC4xNjIgMTQwLjMgMzI4LjQ2MiA1NDBIMjE1LjMyNEw2OTkuODc4IDU1LjQ0NmMxNS42Mi0xNS42MiA0MC45NDgtMTUuNjIgNTYuNTY4IDBMMTA4MCAzNzl6IiBmaWxsLW9wYWNpdHk9Ii4yIiBmaWxsPSIjMDAwIiBmaWxsLXJ1bGU9Im5vbnplcm8iLz4KICAgIDwvZz4KPC9zdmc+Cg==&#8221; _builder_version=&#8221;4.27.4&#8243; _module_preset=&#8221;default&#8221; hover_enabled=&#8221;0&#8243; sticky_enabled=&#8221;0&#8243; disabled_on=&#8221;off|off|on&#8221;][\/et_pb_image][et_pb_contact_form captcha=&#8221;off&#8221; email=&#8221;gonzalocasal1993@gmail.com&#8221; title=&#8221;Datos participante&#8221; success_message=&#8221;Su respuesta ha sido enviada correctamente. \u00a1Gracias!&#8221; _builder_version=&#8221;4.27.4&#8243; _module_preset=&#8221;default&#8221; _unique_id=&#8221;2a39490a-4aef-46b7-8d7c-3aa27d35304b&#8221; custom_button=&#8221;on&#8221; button_text_color=&#8221;#FFFFFF&#8221; button_bg_color=&#8221;#7CDA24&#8243; button_border_radius=&#8221;31px&#8221; global_colors_info=&#8221;{}&#8221; custom_margin=&#8221;230px|||||&#8221; custom_padding=&#8221;64px|||||&#8221; min_height=&#8221;464.8px&#8221;][et_pb_contact_field field_id=&#8221;Nombre&#8221; field_title=&#8221;Nombre&#8221; _builder_version=&#8221;4.27.4&#8243; global_colors_info=&#8221;{}&#8221; button_text_size__hover_enabled=&#8221;off&#8221; button_one_text_size__hover_enabled=&#8221;off&#8221; button_two_text_size__hover_enabled=&#8221;off&#8221; button_text_color__hover_enabled=&#8221;off&#8221; button_one_text_color__hover_enabled=&#8221;off&#8221; button_two_text_color__hover_enabled=&#8221;off&#8221; button_border_width__hover_enabled=&#8221;off&#8221; button_one_border_width__hover_enabled=&#8221;off&#8221; button_two_border_width__hover_enabled=&#8221;off&#8221; button_border_color__hover_enabled=&#8221;off&#8221; button_one_border_color__hover_enabled=&#8221;off&#8221; button_two_border_color__hover_enabled=&#8221;off&#8221; button_border_radius__hover_enabled=&#8221;off&#8221; button_one_border_radius__hover_enabled=&#8221;off&#8221; button_two_border_radius__hover_enabled=&#8221;off&#8221; button_letter_spacing__hover_enabled=&#8221;off&#8221; button_one_letter_spacing__hover_enabled=&#8221;off&#8221; button_two_letter_spacing__hover_enabled=&#8221;off&#8221; button_bg_color__hover_enabled=&#8221;off&#8221; button_one_bg_color__hover_enabled=&#8221;off&#8221; button_two_bg_color__hover_enabled=&#8221;off&#8221;][\/et_pb_contact_field][et_pb_contact_field field_id=&#8221;Apellidos&#8221; field_title=&#8221;Apellidos&#8221; _builder_version=&#8221;4.27.4&#8243; global_colors_info=&#8221;{}&#8221; button_text_size__hover_enabled=&#8221;off&#8221; button_one_text_size__hover_enabled=&#8221;off&#8221; button_two_text_size__hover_enabled=&#8221;off&#8221; button_text_color__hover_enabled=&#8221;off&#8221; button_one_text_color__hover_enabled=&#8221;off&#8221; button_two_text_color__hover_enabled=&#8221;off&#8221; button_border_width__hover_enabled=&#8221;off&#8221; button_one_border_width__hover_enabled=&#8221;off&#8221; button_two_border_width__hover_enabled=&#8221;off&#8221; button_border_color__hover_enabled=&#8221;off&#8221; button_one_border_color__hover_enabled=&#8221;off&#8221; button_two_border_color__hover_enabled=&#8221;off&#8221; button_border_radius__hover_enabled=&#8221;off&#8221; button_one_border_radius__hover_enabled=&#8221;off&#8221; button_two_border_radius__hover_enabled=&#8221;off&#8221; button_letter_spacing__hover_enabled=&#8221;off&#8221; button_one_letter_spacing__hover_enabled=&#8221;off&#8221; button_two_letter_spacing__hover_enabled=&#8221;off&#8221; button_bg_color__hover_enabled=&#8221;off&#8221; button_one_bg_color__hover_enabled=&#8221;off&#8221; button_two_bg_color__hover_enabled=&#8221;off&#8221;][\/et_pb_contact_field][et_pb_contact_field field_id=&#8221;Fecha_de_nacimiento&#8221; field_title=&#8221;Fecha de nacimiento&#8221; fullwidth_field=&#8221;on&#8221; _builder_version=&#8221;4.27.4&#8243; _module_preset=&#8221;default&#8221; global_colors_info=&#8221;{}&#8221;][\/et_pb_contact_field][et_pb_contact_field field_id=&#8221;Tel\u00e9fono_de_contacto&#8221; field_title=&#8221;Tel\u00e9fono de contacto&#8221; fullwidth_field=&#8221;on&#8221; _builder_version=&#8221;4.27.4&#8243; _module_preset=&#8221;default&#8221; global_colors_info=&#8221;{}&#8221;][\/et_pb_contact_field][et_pb_contact_field field_id=&#8221;Consentimiento&#8221; field_title=&#8221;Consentimiento de imagen&#8221; field_type=&#8221;checkbox&#8221; checkbox_options=&#8221;%91{%22value%22:%22Autorizo la toma y uso de fotograf\u00edas y v\u00eddeos de mi hijo\/a para fines internos y promocionales del campamento.%22,%22checked%22:0,%22dragID%22:-1}%93&#8243; required_mark=&#8221;off&#8221; fullwidth_field=&#8221;on&#8221; _builder_version=&#8221;4.27.4&#8243; _module_preset=&#8221;default&#8221; global_colors_info=&#8221;{}&#8221;][\/et_pb_contact_field][et_pb_contact_field field_id=&#8221;Protecci\u00f3n_de_datos&#8221; field_title=&#8221;Protecci\u00f3n de datos&#8221; field_type=&#8221;checkbox&#8221; checkbox_options=&#8221;%91{%22value%22:%22Al firmar este formulario, declaro haber le\u00eddo y comprendido la presente cl\u00e1usula de protecci\u00f3n de datos y consiento el tratamiento de los datos personales de mi hijo\/a en los t\u00e9rminos expuestos.%22,%22checked%22:0,%22dragID%22:-1,%22link_url%22:%22https:\/\/zalotp.es\/clausula-de-proteccion-de-datos\/?et_fb=1&#038;PageSpeed=off%22}%93&#8243; fullwidth_field=&#8221;on&#8221; _builder_version=&#8221;4.27.4&#8243; _module_preset=&#8221;default&#8221; link_option_url=&#8221;https:\/\/zalotp.es\/clausula-de-proteccion-de-datos\/?et_fb=1&#038;PageSpeed=off&#8221; global_colors_info=&#8221;{}&#8221;][\/et_pb_contact_field][\/et_pb_contact_form][\/et_pb_column][\/et_pb_row][et_pb_row _builder_version=&#8221;4.27.4&#8243; _module_preset=&#8221;default&#8221;][et_pb_column _builder_version=&#8221;4.27.4&#8243; _module_preset=&#8221;default&#8221; type=&#8221;4_4&#8243;][\/et_pb_column][\/et_pb_row][et_pb_row _builder_version=&#8221;4.27.4&#8243; _module_preset=&#8221;default&#8221; background_color=&#8221;#68ff0a&#8221; use_background_color_gradient=&#8221;on&#8221; background_color_gradient_stops=&#8221;#ffffff 0%|#7cda24 100%&#8221; module_alignment=&#8221;center&#8221; custom_margin=&#8221;|auto||395px||&#8221; border_radii=&#8221;on|12px|12px|12px|12px&#8221; global_colors_info=&#8221;{}&#8221;][et_pb_column type=&#8221;4_4&#8243; _builder_version=&#8221;4.27.4&#8243; _module_preset=&#8221;default&#8221; global_colors_info=&#8221;{}&#8221;][et_pb_text _builder_version=&#8221;4.27.4&#8243; _module_preset=&#8221;default&#8221; header_text_align=&#8221;center&#8221; min_height=&#8221;67.6px&#8221; global_colors_info=&#8221;{}&#8221;]<\/p>\n<p style=\"text-align: justify;\"><span style=\"font-size: large;\"><span style=\"text-decoration: underline; color: #008000;\"><strong data-start=\"1240\" data-end=\"1266\">Instrucciones de pago<\/strong><\/span><strong data-start=\"1240\" data-end=\"1266\">: <\/strong>transferencia al IBAN <strong data-start=\"1293\" data-end=\"1325\">ES12 2080 0045 91 3040006223<\/strong> (Cuenta ABANCA CLUB). <\/span><span style=\"font-size: large;\">En concepto: <strong data-start=\"1365\" data-end=\"1411\">campamento + Nombre y Apellidos del ni\u00f1o\/a<\/strong>.<\/span><\/p>\n<p>[\/et_pb_text][\/et_pb_column][\/et_pb_row][\/et_pb_section]<\/p>\n","protected":false},"excerpt":{"rendered":"<p>Instrucciones de pago: transferencia al IBAN ES12 2080 0045 91 3040006223 (Cuenta ABANCA CLUB). En concepto: campamento + Nombre y Apellidos del ni\u00f1o\/a.<\/p>","protected":false},"author":3,"featured_media":0,"parent":0,"menu_order":0,"comment_status":"closed","ping_status":"closed","template":"","meta":{"_et_pb_use_builder":"on","_et_pb_old_content":"","_et_gb_content_width":"","footnotes":""},"class_list":["post-2139","page","type-page","status-publish","hentry"],"yoast_head":"<!-- This site is optimized with the Yoast SEO plugin v27.3 - https:\/\/yoast.com\/product\/yoast-seo-wordpress\/ -->\n<title>Inscr\u00edbete - zalotp<\/title>\n<meta name=\"robots\" content=\"index, follow, max-snippet:-1, max-image-preview:large, max-video-preview:-1\" \/>\n<link rel=\"canonical\" href=\"https:\/\/zalotp.es\/gl\/inscribete\/\" \/>\n<meta property=\"og:locale\" content=\"gl_ES\" \/>\n<meta property=\"og:type\" content=\"article\" \/>\n<meta property=\"og:title\" content=\"Inscr\u00edbete - zalotp\" \/>\n<meta property=\"og:description\" content=\"Instrucciones de pago: transferencia al IBAN ES12 2080 0045 91 3040006223 (Cuenta ABANCA CLUB). En concepto: campamento + Nombre y Apellidos del ni\u00f1o\/a.\" \/>\n<meta property=\"og:url\" content=\"https:\/\/zalotp.es\/gl\/inscribete\/\" \/>\n<meta property=\"og:site_name\" content=\"zalotp\" \/>\n<meta property=\"article:modified_time\" content=\"2025-06-04T15:49:31+00:00\" \/>\n<meta name=\"twitter:card\" content=\"summary_large_image\" \/>\n<script type=\"application\/ld+json\" class=\"yoast-schema-graph\">{\"@context\":\"https:\\\/\\\/schema.org\",\"@graph\":[{\"@type\":\"WebPage\",\"@id\":\"https:\\\/\\\/zalotp.es\\\/inscribete\\\/\",\"url\":\"https:\\\/\\\/zalotp.es\\\/inscribete\\\/\",\"name\":\"Inscr\u00edbete - zalotp\",\"isPartOf\":{\"@id\":\"https:\\\/\\\/zalotp.es\\\/#website\"},\"datePublished\":\"2025-05-12T15:04:08+00:00\",\"dateModified\":\"2025-06-04T15:49:31+00:00\",\"breadcrumb\":{\"@id\":\"https:\\\/\\\/zalotp.es\\\/inscribete\\\/#breadcrumb\"},\"inLanguage\":\"gl-ES\",\"potentialAction\":[{\"@type\":\"ReadAction\",\"target\":[\"https:\\\/\\\/zalotp.es\\\/inscribete\\\/\"]}]},{\"@type\":\"BreadcrumbList\",\"@id\":\"https:\\\/\\\/zalotp.es\\\/inscribete\\\/#breadcrumb\",\"itemListElement\":[{\"@type\":\"ListItem\",\"position\":1,\"name\":\"Portada\",\"item\":\"https:\\\/\\\/zalotp.es\\\/\"},{\"@type\":\"ListItem\",\"position\":2,\"name\":\"Inscr\u00edbete\"}]},{\"@type\":\"WebSite\",\"@id\":\"https:\\\/\\\/zalotp.es\\\/#website\",\"url\":\"https:\\\/\\\/zalotp.es\\\/\",\"name\":\"Zalotp\",\"description\":\"Rankings p\u00e1del y tenis\",\"potentialAction\":[{\"@type\":\"SearchAction\",\"target\":{\"@type\":\"EntryPoint\",\"urlTemplate\":\"https:\\\/\\\/zalotp.es\\\/?s={search_term_string}\"},\"query-input\":{\"@type\":\"PropertyValueSpecification\",\"valueRequired\":true,\"valueName\":\"search_term_string\"}}],\"inLanguage\":\"gl-ES\"}]}<\/script>\n<!-- \/ Yoast SEO plugin. -->","yoast_head_json":{"title":"Inscr\u00edbete - zalotp","robots":{"index":"index","follow":"follow","max-snippet":"max-snippet:-1","max-image-preview":"max-image-preview:large","max-video-preview":"max-video-preview:-1"},"canonical":"https:\/\/zalotp.es\/gl\/inscribete\/","og_locale":"gl_ES","og_type":"article","og_title":"Inscr\u00edbete - zalotp","og_description":"Instrucciones de pago: transferencia al IBAN ES12 2080 0045 91 3040006223 (Cuenta ABANCA CLUB). En concepto: campamento + Nombre y Apellidos del ni\u00f1o\/a.","og_url":"https:\/\/zalotp.es\/gl\/inscribete\/","og_site_name":"zalotp","article_modified_time":"2025-06-04T15:49:31+00:00","twitter_card":"summary_large_image","schema":{"@context":"https:\/\/schema.org","@graph":[{"@type":"WebPage","@id":"https:\/\/zalotp.es\/inscribete\/","url":"https:\/\/zalotp.es\/inscribete\/","name":"Inscr\u00edbete - zalotp","isPartOf":{"@id":"https:\/\/zalotp.es\/#website"},"datePublished":"2025-05-12T15:04:08+00:00","dateModified":"2025-06-04T15:49:31+00:00","breadcrumb":{"@id":"https:\/\/zalotp.es\/inscribete\/#breadcrumb"},"inLanguage":"gl-ES","potentialAction":[{"@type":"ReadAction","target":["https:\/\/zalotp.es\/inscribete\/"]}]},{"@type":"BreadcrumbList","@id":"https:\/\/zalotp.es\/inscribete\/#breadcrumb","itemListElement":[{"@type":"ListItem","position":1,"name":"Portada","item":"https:\/\/zalotp.es\/"},{"@type":"ListItem","position":2,"name":"Inscr\u00edbete"}]},{"@type":"WebSite","@id":"https:\/\/zalotp.es\/#website","url":"https:\/\/zalotp.es\/","name":"Zalotp","description":"Rankings p\u00e1del y tenis","potentialAction":[{"@type":"SearchAction","target":{"@type":"EntryPoint","urlTemplate":"https:\/\/zalotp.es\/?s={search_term_string}"},"query-input":{"@type":"PropertyValueSpecification","valueRequired":true,"valueName":"search_term_string"}}],"inLanguage":"gl-ES"}]}},"_links":{"self":[{"href":"https:\/\/zalotp.es\/gl\/wp-json\/wp\/v2\/pages\/2139","targetHints":{"allow":["GET"]}}],"collection":[{"href":"https:\/\/zalotp.es\/gl\/wp-json\/wp\/v2\/pages"}],"about":[{"href":"https:\/\/zalotp.es\/gl\/wp-json\/wp\/v2\/types\/page"}],"author":[{"embeddable":true,"href":"https:\/\/zalotp.es\/gl\/wp-json\/wp\/v2\/users\/3"}],"replies":[{"embeddable":true,"href":"https:\/\/zalotp.es\/gl\/wp-json\/wp\/v2\/comments?post=2139"}],"version-history":[{"count":16,"href":"https:\/\/zalotp.es\/gl\/wp-json\/wp\/v2\/pages\/2139\/revisions"}],"predecessor-version":[{"id":2180,"href":"https:\/\/zalotp.es\/gl\/wp-json\/wp\/v2\/pages\/2139\/revisions\/2180"}],"wp:attachment":[{"href":"https:\/\/zalotp.es\/gl\/wp-json\/wp\/v2\/media?parent=2139"}],"curies":[{"name":"wp","href":"https:\/\/api.w.org\/{rel}","templated":true}]}}