{"id":2117,"date":"2025-05-12T13:25:15","date_gmt":"2025-05-12T13:25:15","guid":{"rendered":"https:\/\/zalotp.es\/?page_id=2117"},"modified":"2025-06-04T15:55:13","modified_gmt":"2025-06-04T15:55:13","slug":"campamento","status":"publish","type":"page","link":"https:\/\/zalotp.es\/gl\/campamento\/","title":{"rendered":"Campamento"},"content":{"rendered":"<p>[et_pb_section fb_built=&#8221;1&#8243; admin_label=&#8221;Header&#8221; _builder_version=&#8221;4.27.4&#8243; _module_preset=&#8221;default&#8221; background_color=&#8221;#007211&#8243; use_background_color_gradient=&#8221;on&#8221; background_color_gradient_type=&#8221;circular&#8221; background_color_gradient_direction_radial=&#8221;top left&#8221; background_color_gradient_stops=&#8221;#898700 30%|#00564c 67%|rgba(12,233,200,0.91) 100%|#147a42 100%&#8221; background_color_gradient_overlays_image=&#8221;on&#8221; background_enable_image=&#8221;off&#8221; custom_padding=&#8221;3vw||3vw||true|false&#8221; collapsed=&#8221;on&#8221; global_colors_info=&#8221;{}&#8221;][et_pb_row column_structure=&#8221;2_3,1_3&#8243; _builder_version=&#8221;4.25.1&#8243; _module_preset=&#8221;default&#8221; max_width=&#8221;none&#8221; global_colors_info=&#8221;{}&#8221; custom_padding=&#8221;955px|||||&#8221;][et_pb_column type=&#8221;2_3&#8243; _builder_version=&#8221;4.25.1&#8243; _module_preset=&#8221;default&#8221; global_colors_info=&#8221;{}&#8221;][et_pb_heading title=&#8221;Campamento de Verano 2025&#8243; _builder_version=&#8221;4.25.1&#8243; _module_preset=&#8221;45e29b87-2840-4150-a041-a2201a88216d&#8221; title_text_color=&#8221;#FFFFFF&#8221; global_colors_info=&#8221;{}&#8221;][\/et_pb_heading][\/et_pb_column][et_pb_column type=&#8221;1_3&#8243; _builder_version=&#8221;4.25.1&#8243; _module_preset=&#8221;default&#8221; custom_padding=&#8221;2%||||false|false&#8221; global_colors_info=&#8221;{}&#8221;][\/et_pb_column][\/et_pb_row][et_pb_row column_structure=&#8221;1_4,3_4&#8243; make_equal=&#8221;on&#8221; _builder_version=&#8221;4.27.4&#8243; _module_preset=&#8221;default&#8221; max_width=&#8221;none&#8221; custom_padding=&#8221;||0px|||&#8221; global_colors_info=&#8221;{}&#8221;][et_pb_column type=&#8221;1_4&#8243; _builder_version=&#8221;4.25.1&#8243; _module_preset=&#8221;default&#8221; background_color=&#8221;#FFFFFF&#8221; global_colors_info=&#8221;{}&#8221;][et_pb_button button_url=&#8221;https:\/\/zalotp.es\/inscribete\/?et_fb=1&#038;PageSpeed=off&#8221; button_text=&#8221;Inscr\u00edbete&#8221; button_alignment=&#8221;center&#8221; _builder_version=&#8221;4.27.4&#8243; _module_preset=&#8221;8cb4f314-159d-4df4-bda0-af820faba8cc&#8221; button_border_radius=&#8221;52px&#8221; position_origin_a=&#8221;center_center&#8221; position_origin_a_tablet=&#8221;center_left&#8221; position_origin_a_phone=&#8221;center_left&#8221; position_origin_a_last_edited=&#8221;off|desktop&#8221; position_origin_f_last_edited=&#8221;off|desktop&#8221; position_origin_r_last_edited=&#8221;off|desktop&#8221; custom_margin=&#8221;67px||67px||true|&#8221; custom_padding=&#8221;28px|24px|28px|24px|true|true&#8221; custom_padding_tablet=&#8221;16px||16px||true|true&#8221; custom_padding_phone=&#8221;16px||16px||true|true&#8221; custom_padding_last_edited=&#8221;on|desktop&#8221; positioning_tablet=&#8221;none&#8221; positioning_phone=&#8221;none&#8221; positioning_last_edited=&#8221;off|desktop&#8221; custom_css_main_element=&#8221;width: 100%;&#8221; global_colors_info=&#8221;{}&#8221;][\/et_pb_button][\/et_pb_column][et_pb_column type=&#8221;3_4&#8243; _builder_version=&#8221;4.27.4&#8243; _module_preset=&#8221;default&#8221; custom_padding=&#8221;60px||60px||true|false&#8221; custom_padding_tablet=&#8221;30px||30px||true|false&#8221; custom_padding_phone=&#8221;20px||20px||true|false&#8221; custom_padding_last_edited=&#8221;on|desktop&#8221; border_width_all=&#8221;2px&#8221; border_color_all=&#8221;#FFFFFF&#8221; global_colors_info=&#8221;{}&#8221;][et_pb_countdown_timer date_time=&#8221;2025-06-30 00:00&#8243; _builder_version=&#8221;4.27.4&#8243; _module_preset=&#8221;ea2939e4-f6e6-4f34-a97a-83864a51d863&#8243; global_colors_info=&#8221;{}&#8221;][\/et_pb_countdown_timer][\/et_pb_column][\/et_pb_row][\/et_pb_section][et_pb_section fb_built=&#8221;1&#8243; admin_label=&#8221;About&#8221; _builder_version=&#8221;4.25.1&#8243; _module_preset=&#8221;default&#8221; overflow-x=&#8221;hidden&#8221; overflow-y=&#8221;hidden&#8221; collapsed=&#8221;on&#8221; global_colors_info=&#8221;{}&#8221;][et_pb_row column_structure=&#8221;1_2,1_2&#8243; _builder_version=&#8221;4.27.4&#8243; _module_preset=&#8221;default&#8221; background_enable_image=&#8221;off&#8221; global_colors_info=&#8221;{}&#8221;][et_pb_column type=&#8221;1_2&#8243; _builder_version=&#8221;4.25.1&#8243; _module_preset=&#8221;default&#8221; custom_padding=&#8221;10%||||false|false&#8221; custom_padding_tablet=&#8221;0px||||false|false&#8221; custom_padding_phone=&#8221;0px||||false|false&#8221; custom_padding_last_edited=&#8221;on|desktop&#8221; global_colors_info=&#8221;{}&#8221;][et_pb_heading title=&#8221;Sobre el Campamento&#8221; _builder_version=&#8221;4.27.4&#8243; _module_preset=&#8221;e40210c7-7dec-44ec-ac54-4017c44e8af3&#8243; title_text_align=&#8221;right&#8221; title_text_color=&#8221;#7CDA24&#8243; global_colors_info=&#8221;{}&#8221;][\/et_pb_heading][et_pb_heading title=&#8221;Prep\u00e1rate para divertirte sin parar&#8221; _builder_version=&#8221;4.27.4&#8243; _module_preset=&#8221;55de7560-a910-455d-9e6c-a42140b3c1c2&#8243; title_text_align=&#8221;right&#8221; custom_margin=&#8221;||||false|false&#8221; global_colors_info=&#8221;{}&#8221;][\/et_pb_heading][et_pb_text _builder_version=&#8221;4.27.4&#8243; _module_preset=&#8221;aae53cf5-6dab-4432-966f-9fa45ef92893&#8243; text_orientation=&#8221;justified&#8221; global_colors_info=&#8221;{}&#8221;]<\/p>\n<p>Vive unas jornadas llenas de deporte y diversi\u00f3n en nuestro campamento: disfruta de <strong data-start=\"151\" data-end=\"178\">clases de tenis y p\u00e1del<\/strong> y pon en pr\u00e1ctica lo aprendido con <strong data-start=\"214\" data-end=\"234\">juegos y torneos<\/strong>; participa en divertidos <strong data-start=\"260\" data-end=\"283\">juegos multideporte<\/strong> y <strong data-start=\"286\" data-end=\"303\">tradicionales<\/strong>; estira el cuerpo con sesiones de <strong data-start=\"338\" data-end=\"349\">pilates<\/strong>; navega por aguas tranquilas en <strong data-start=\"382\" data-end=\"391\">kayak<\/strong> y explora la naturaleza con rutas de <strong data-start=\"429\" data-end=\"443\">senderismo<\/strong>. Para los ratos de relax, ofrecemos <strong data-start=\"480\" data-end=\"520\">juegos de mesa para todas las edades<\/strong>, y para los m\u00e1s intr\u00e9pidos, una <strong data-start=\"553\" data-end=\"572\">barra hinchable<\/strong> y un <strong data-start=\"578\" data-end=\"599\">circuito de karts<\/strong>. \u00a1Todo preparado para que disfrutes al m\u00e1ximo de la aventura y el compa\u00f1erismo!<\/p>\n<p>[\/et_pb_text][\/et_pb_column][et_pb_column type=&#8221;1_2&#8243; _builder_version=&#8221;4.27.4&#8243; _module_preset=&#8221;default&#8221; background_enable_image=&#8221;off&#8221; global_colors_info=&#8221;{}&#8221;][et_pb_image src=&#8221;https:\/\/zalotp.es\/wp-content\/uploads\/2025\/05\/CAMPAMENTO-2.jpg&#8221; title_text=&#8221;CAMPAMENTO (2)&#8221; _builder_version=&#8221;4.27.4&#8243; _module_preset=&#8221;default&#8221; custom_margin=&#8221;|-30%|||false|false&#8221; custom_margin_tablet=&#8221;|0vw|||false|false&#8221; custom_margin_phone=&#8221;|0vw|||false|false&#8221; custom_margin_last_edited=&#8221;on|tablet&#8221; scroll_vertical_motion_enable=&#8221;on&#8221; scroll_vertical_motion=&#8221;0|50|50|100|1|0|-1&#8243; global_colors_info=&#8221;{}&#8221;][\/et_pb_image][\/et_pb_column][\/et_pb_row][\/et_pb_section][et_pb_section fb_built=&#8221;1&#8243; admin_label=&#8221;Call to Action&#8221; _builder_version=&#8221;4.27.4&#8243; _module_preset=&#8221;default&#8221; background_color=&#8221;#777500&#8243; use_background_color_gradient=&#8221;on&#8221; background_color_gradient_type=&#8221;circular&#8221; background_color_gradient_direction_radial=&#8221;top left&#8221; background_color_gradient_stops=&#8221;#7cda24 0%|#b2d602 32%|#2b0000 67%|#2b0023 99%&#8221; background_color_gradient_overlays_image=&#8221;on&#8221; background_image=&#8221;https:\/\/zalotp.es\/wp-content\/uploads\/2025\/05\/conference-event-15.png&#8221; parallax=&#8221;on&#8221; locked=&#8221;off&#8221; collapsed=&#8221;on&#8221; global_colors_info=&#8221;{%22gcid-9d5d11f9-d654-432d-8206-34ad20a6d54e%22:%91%22background_color_gradient_stops%22%93,%22gcid-5f63220e-8342-4427-89fa-de1da73c3340%22:%91%22background_color_gradient_stops%22%93,%22gcid-eae5a87c-d221-447d-a731-6f9ad57d2149%22:%91%22background_color_gradient_stops%22%93}&#8221;][et_pb_row _builder_version=&#8221;4.25.1&#8243; _module_preset=&#8221;default&#8221; global_colors_info=&#8221;{}&#8221;][et_pb_column type=&#8221;4_4&#8243; _builder_version=&#8221;4.25.1&#8243; _module_preset=&#8221;default&#8221; global_colors_info=&#8221;{}&#8221;][et_pb_heading title=&#8221;Reserva tu plaza&#8221; _builder_version=&#8221;4.25.1&#8243; _module_preset=&#8221;45e29b87-2840-4150-a041-a2201a88216d&#8221; title_level=&#8221;h2&#8243; title_text_color=&#8221;#FFFFFF&#8221; global_colors_info=&#8221;{}&#8221;][\/et_pb_heading][\/et_pb_column][\/et_pb_row][et_pb_row column_structure=&#8221;2_3,1_3&#8243; _builder_version=&#8221;4.25.1&#8243; _module_preset=&#8221;default&#8221; global_colors_info=&#8221;{}&#8221;][et_pb_column type=&#8221;2_3&#8243; _builder_version=&#8221;4.25.1&#8243; _module_preset=&#8221;default&#8221; global_colors_info=&#8221;{}&#8221;][et_pb_button button_url=&#8221;https:\/\/zalotp.es\/inscribete\/?et_fb=1&#038;PageSpeed=off&#8221; button_text=&#8221;AP\u00daNTATE YA&#8221; button_alignment=&#8221;right&#8221; _builder_version=&#8221;4.27.4&#8243; _module_preset=&#8221;8cb4f314-159d-4df4-bda0-af820faba8cc&#8221; button_border_radius=&#8221;34px&#8221; custom_padding=&#8221;16px|93px|16px|93px|true|true&#8221; global_colors_info=&#8221;{}&#8221;][\/et_pb_button][\/et_pb_column][et_pb_column type=&#8221;1_3&#8243; _builder_version=&#8221;4.25.1&#8243; _module_preset=&#8221;default&#8221; global_colors_info=&#8221;{}&#8221;][\/et_pb_column][\/et_pb_row][\/et_pb_section]<\/p>\n","protected":false},"excerpt":{"rendered":"<p>Vive unas jornadas llenas de deporte y diversi\u00f3n en nuestro campamento: disfruta de clases de tenis y p\u00e1del y pon en pr\u00e1ctica lo aprendido con juegos y torneos; participa en divertidos juegos multideporte y tradicionales; estira el cuerpo con sesiones de pilates; navega por aguas tranquilas en kayak y explora la naturaleza con rutas de [&hellip;]<\/p>\n","protected":false},"author":3,"featured_media":0,"parent":0,"menu_order":0,"comment_status":"closed","ping_status":"closed","template":"","meta":{"_et_pb_use_builder":"on","_et_pb_old_content":"","_et_gb_content_width":"","footnotes":""},"class_list":["post-2117","page","type-page","status-publish","hentry"],"yoast_head":"<!-- This site is optimized with the Yoast SEO plugin v27.3 - https:\/\/yoast.com\/product\/yoast-seo-wordpress\/ -->\n<title>Campamento - zalotp<\/title>\n<meta name=\"robots\" content=\"index, follow, max-snippet:-1, max-image-preview:large, max-video-preview:-1\" \/>\n<link rel=\"canonical\" href=\"https:\/\/zalotp.es\/gl\/campamento\/\" \/>\n<meta property=\"og:locale\" content=\"gl_ES\" \/>\n<meta property=\"og:type\" content=\"article\" \/>\n<meta property=\"og:title\" content=\"Campamento - zalotp\" \/>\n<meta property=\"og:description\" content=\"Vive unas jornadas llenas de deporte y diversi\u00f3n en nuestro campamento: disfruta de clases de tenis y p\u00e1del y pon en pr\u00e1ctica lo aprendido con juegos y torneos; participa en divertidos juegos multideporte y tradicionales; estira el cuerpo con sesiones de pilates; navega por aguas tranquilas en kayak y explora la naturaleza con rutas de [&hellip;]\" \/>\n<meta property=\"og:url\" content=\"https:\/\/zalotp.es\/gl\/campamento\/\" \/>\n<meta property=\"og:site_name\" content=\"zalotp\" \/>\n<meta property=\"article:modified_time\" content=\"2025-06-04T15:55:13+00:00\" \/>\n<meta name=\"twitter:card\" content=\"summary_large_image\" \/>\n<script type=\"application\/ld+json\" class=\"yoast-schema-graph\">{\"@context\":\"https:\\\/\\\/schema.org\",\"@graph\":[{\"@type\":\"WebPage\",\"@id\":\"https:\\\/\\\/zalotp.es\\\/campamento\\\/\",\"url\":\"https:\\\/\\\/zalotp.es\\\/campamento\\\/\",\"name\":\"Campamento - zalotp\",\"isPartOf\":{\"@id\":\"https:\\\/\\\/zalotp.es\\\/#website\"},\"datePublished\":\"2025-05-12T13:25:15+00:00\",\"dateModified\":\"2025-06-04T15:55:13+00:00\",\"breadcrumb\":{\"@id\":\"https:\\\/\\\/zalotp.es\\\/campamento\\\/#breadcrumb\"},\"inLanguage\":\"gl-ES\",\"potentialAction\":[{\"@type\":\"ReadAction\",\"target\":[\"https:\\\/\\\/zalotp.es\\\/campamento\\\/\"]}]},{\"@type\":\"BreadcrumbList\",\"@id\":\"https:\\\/\\\/zalotp.es\\\/campamento\\\/#breadcrumb\",\"itemListElement\":[{\"@type\":\"ListItem\",\"position\":1,\"name\":\"Portada\",\"item\":\"https:\\\/\\\/zalotp.es\\\/\"},{\"@type\":\"ListItem\",\"position\":2,\"name\":\"Campamento\"}]},{\"@type\":\"WebSite\",\"@id\":\"https:\\\/\\\/zalotp.es\\\/#website\",\"url\":\"https:\\\/\\\/zalotp.es\\\/\",\"name\":\"Zalotp\",\"description\":\"Rankings p\u00e1del y tenis\",\"potentialAction\":[{\"@type\":\"SearchAction\",\"target\":{\"@type\":\"EntryPoint\",\"urlTemplate\":\"https:\\\/\\\/zalotp.es\\\/?s={search_term_string}\"},\"query-input\":{\"@type\":\"PropertyValueSpecification\",\"valueRequired\":true,\"valueName\":\"search_term_string\"}}],\"inLanguage\":\"gl-ES\"}]}<\/script>\n<!-- \/ Yoast SEO plugin. -->","yoast_head_json":{"title":"Campamento - zalotp","robots":{"index":"index","follow":"follow","max-snippet":"max-snippet:-1","max-image-preview":"max-image-preview:large","max-video-preview":"max-video-preview:-1"},"canonical":"https:\/\/zalotp.es\/gl\/campamento\/","og_locale":"gl_ES","og_type":"article","og_title":"Campamento - zalotp","og_description":"Vive unas jornadas llenas de deporte y diversi\u00f3n en nuestro campamento: disfruta de clases de tenis y p\u00e1del y pon en pr\u00e1ctica lo aprendido con juegos y torneos; participa en divertidos juegos multideporte y tradicionales; estira el cuerpo con sesiones de pilates; navega por aguas tranquilas en kayak y explora la naturaleza con rutas de [&hellip;]","og_url":"https:\/\/zalotp.es\/gl\/campamento\/","og_site_name":"zalotp","article_modified_time":"2025-06-04T15:55:13+00:00","twitter_card":"summary_large_image","schema":{"@context":"https:\/\/schema.org","@graph":[{"@type":"WebPage","@id":"https:\/\/zalotp.es\/campamento\/","url":"https:\/\/zalotp.es\/campamento\/","name":"Campamento - zalotp","isPartOf":{"@id":"https:\/\/zalotp.es\/#website"},"datePublished":"2025-05-12T13:25:15+00:00","dateModified":"2025-06-04T15:55:13+00:00","breadcrumb":{"@id":"https:\/\/zalotp.es\/campamento\/#breadcrumb"},"inLanguage":"gl-ES","potentialAction":[{"@type":"ReadAction","target":["https:\/\/zalotp.es\/campamento\/"]}]},{"@type":"BreadcrumbList","@id":"https:\/\/zalotp.es\/campamento\/#breadcrumb","itemListElement":[{"@type":"ListItem","position":1,"name":"Portada","item":"https:\/\/zalotp.es\/"},{"@type":"ListItem","position":2,"name":"Campamento"}]},{"@type":"WebSite","@id":"https:\/\/zalotp.es\/#website","url":"https:\/\/zalotp.es\/","name":"Zalotp","description":"Rankings p\u00e1del y tenis","potentialAction":[{"@type":"SearchAction","target":{"@type":"EntryPoint","urlTemplate":"https:\/\/zalotp.es\/?s={search_term_string}"},"query-input":{"@type":"PropertyValueSpecification","valueRequired":true,"valueName":"search_term_string"}}],"inLanguage":"gl-ES"}]}},"_links":{"self":[{"href":"https:\/\/zalotp.es\/gl\/wp-json\/wp\/v2\/pages\/2117","targetHints":{"allow":["GET"]}}],"collection":[{"href":"https:\/\/zalotp.es\/gl\/wp-json\/wp\/v2\/pages"}],"about":[{"href":"https:\/\/zalotp.es\/gl\/wp-json\/wp\/v2\/types\/page"}],"author":[{"embeddable":true,"href":"https:\/\/zalotp.es\/gl\/wp-json\/wp\/v2\/users\/3"}],"replies":[{"embeddable":true,"href":"https:\/\/zalotp.es\/gl\/wp-json\/wp\/v2\/comments?post=2117"}],"version-history":[{"count":22,"href":"https:\/\/zalotp.es\/gl\/wp-json\/wp\/v2\/pages\/2117\/revisions"}],"predecessor-version":[{"id":2190,"href":"https:\/\/zalotp.es\/gl\/wp-json\/wp\/v2\/pages\/2117\/revisions\/2190"}],"wp:attachment":[{"href":"https:\/\/zalotp.es\/gl\/wp-json\/wp\/v2\/media?parent=2117"}],"curies":[{"name":"wp","href":"https:\/\/api.w.org\/{rel}","templated":true}]}}