{"id":2054,"date":"2025-04-28T08:50:48","date_gmt":"2025-04-28T08:50:48","guid":{"rendered":"https:\/\/zalotp.es\/?page_id=2054"},"modified":"2025-05-08T14:42:22","modified_gmt":"2025-05-08T14:42:22","slug":"ranking-ninos","status":"publish","type":"page","link":"https:\/\/zalotp.es\/gl\/ranking-ninos\/","title":{"rendered":"R\u00e1nking Ni\u00f1os"},"content":{"rendered":"<p>[et_pb_section fb_built=&#8221;1&#8243; _builder_version=&#8221;4.27.4&#8243; _module_preset=&#8221;default&#8221; global_colors_info=&#8221;{}&#8221;][et_pb_row _builder_version=&#8221;4.27.4&#8243; _module_preset=&#8221;default&#8221; global_colors_info=&#8221;{}&#8221;][et_pb_column type=&#8221;4_4&#8243; _builder_version=&#8221;4.27.4&#8243; _module_preset=&#8221;default&#8221; global_colors_info=&#8221;{}&#8221;][et_pb_code disabled_on=&#8221;off|off|off&#8221; _builder_version=&#8221;4.27.4&#8243; _module_preset=&#8221;default&#8221; custom_margin=&#8221;83px|||||&#8221; hover_enabled=&#8221;0&#8243; global_colors_info=&#8221;{}&#8221; sticky_enabled=&#8221;0&#8243;]<\/p>\n<div style=\"width:100%; max-width:100%;\"><!-- [et_pb_line_break_holder] -->  <iframe <!-- [et_pb_line_break_holder] -->    src=&#8221;https:\/\/zalotp.es\/wp-content\/uploads\/2025\/05\/RANKING-NINOS-2025.pdf&#8221; <!-- [et_pb_line_break_holder] -->    width=&#8221;100%&#8221; <!-- [et_pb_line_break_holder] -->    height=&#8221;800px&#8221; <!-- [et_pb_line_break_holder] -->    style=&#8221;border:none;&#8221;><!-- [et_pb_line_break_holder] -->  <\/iframe><!-- [et_pb_line_break_holder] --><\/div>\n<p><!-- [et_pb_line_break_holder] --><!-- [et_pb_line_break_holder] --><pee style=\"text-align:center; margin-top:20px;\"><!-- [et_pb_line_break_holder] -->  <a href=\"https:\/\/zalotp.es\/wp-content\/uploads\/2025\/05\/RANKING-NINOS-2025.pdf\" <!-- [et_pb_line_break_holder] -->     target=&#8221;_blank&#8221; <!-- [et_pb_line_break_holder] -->     style=&#8221;font-size:18px; color:#0073aa;&#8221;><!-- [et_pb_line_break_holder] -->    \ud83d\udcc4 Toca aqu\u00ed para ver el ranking de ni\u00f1os en PDF desde tu m\u00f3vil<!-- [et_pb_line_break_holder] -->  <\/a><!-- [et_pb_line_break_holder] --><\/pee><!-- [et_pb_line_break_holder] -->[\/et_pb_code][\/et_pb_column][\/et_pb_row][\/et_pb_section]<\/p>\n","protected":false},"excerpt":{"rendered":"","protected":false},"author":3,"featured_media":0,"parent":0,"menu_order":0,"comment_status":"closed","ping_status":"closed","template":"","meta":{"_et_pb_use_builder":"on","_et_pb_old_content":"","_et_gb_content_width":"","footnotes":""},"class_list":["post-2054","page","type-page","status-publish","hentry"],"yoast_head":"<!-- This site is optimized with the Yoast SEO plugin v27.3 - https:\/\/yoast.com\/product\/yoast-seo-wordpress\/ -->\n<title>R\u00e1nking Ni\u00f1os - zalotp<\/title>\n<meta name=\"robots\" content=\"index, follow, max-snippet:-1, max-image-preview:large, max-video-preview:-1\" \/>\n<link rel=\"canonical\" href=\"https:\/\/zalotp.es\/gl\/ranking-ninos\/\" \/>\n<meta property=\"og:locale\" content=\"gl_ES\" \/>\n<meta property=\"og:type\" content=\"article\" \/>\n<meta property=\"og:title\" content=\"R\u00e1nking Ni\u00f1os - zalotp\" \/>\n<meta property=\"og:url\" content=\"https:\/\/zalotp.es\/gl\/ranking-ninos\/\" \/>\n<meta property=\"og:site_name\" content=\"zalotp\" \/>\n<meta property=\"article:modified_time\" content=\"2025-05-08T14:42:22+00:00\" \/>\n<meta name=\"twitter:card\" content=\"summary_large_image\" \/>\n<script type=\"application\/ld+json\" class=\"yoast-schema-graph\">{\"@context\":\"https:\\\/\\\/schema.org\",\"@graph\":[{\"@type\":\"WebPage\",\"@id\":\"https:\\\/\\\/zalotp.es\\\/ranking-ninos\\\/\",\"url\":\"https:\\\/\\\/zalotp.es\\\/ranking-ninos\\\/\",\"name\":\"R\u00e1nking Ni\u00f1os - zalotp\",\"isPartOf\":{\"@id\":\"https:\\\/\\\/zalotp.es\\\/#website\"},\"datePublished\":\"2025-04-28T08:50:48+00:00\",\"dateModified\":\"2025-05-08T14:42:22+00:00\",\"breadcrumb\":{\"@id\":\"https:\\\/\\\/zalotp.es\\\/ranking-ninos\\\/#breadcrumb\"},\"inLanguage\":\"gl-ES\",\"potentialAction\":[{\"@type\":\"ReadAction\",\"target\":[\"https:\\\/\\\/zalotp.es\\\/ranking-ninos\\\/\"]}]},{\"@type\":\"BreadcrumbList\",\"@id\":\"https:\\\/\\\/zalotp.es\\\/ranking-ninos\\\/#breadcrumb\",\"itemListElement\":[{\"@type\":\"ListItem\",\"position\":1,\"name\":\"Portada\",\"item\":\"https:\\\/\\\/zalotp.es\\\/\"},{\"@type\":\"ListItem\",\"position\":2,\"name\":\"R\u00e1nking Ni\u00f1os\"}]},{\"@type\":\"WebSite\",\"@id\":\"https:\\\/\\\/zalotp.es\\\/#website\",\"url\":\"https:\\\/\\\/zalotp.es\\\/\",\"name\":\"Zalotp\",\"description\":\"Rankings p\u00e1del y tenis\",\"potentialAction\":[{\"@type\":\"SearchAction\",\"target\":{\"@type\":\"EntryPoint\",\"urlTemplate\":\"https:\\\/\\\/zalotp.es\\\/?s={search_term_string}\"},\"query-input\":{\"@type\":\"PropertyValueSpecification\",\"valueRequired\":true,\"valueName\":\"search_term_string\"}}],\"inLanguage\":\"gl-ES\"}]}<\/script>\n<!-- \/ Yoast SEO plugin. -->","yoast_head_json":{"title":"R\u00e1nking Ni\u00f1os - zalotp","robots":{"index":"index","follow":"follow","max-snippet":"max-snippet:-1","max-image-preview":"max-image-preview:large","max-video-preview":"max-video-preview:-1"},"canonical":"https:\/\/zalotp.es\/gl\/ranking-ninos\/","og_locale":"gl_ES","og_type":"article","og_title":"R\u00e1nking Ni\u00f1os - zalotp","og_url":"https:\/\/zalotp.es\/gl\/ranking-ninos\/","og_site_name":"zalotp","article_modified_time":"2025-05-08T14:42:22+00:00","twitter_card":"summary_large_image","schema":{"@context":"https:\/\/schema.org","@graph":[{"@type":"WebPage","@id":"https:\/\/zalotp.es\/ranking-ninos\/","url":"https:\/\/zalotp.es\/ranking-ninos\/","name":"R\u00e1nking Ni\u00f1os - zalotp","isPartOf":{"@id":"https:\/\/zalotp.es\/#website"},"datePublished":"2025-04-28T08:50:48+00:00","dateModified":"2025-05-08T14:42:22+00:00","breadcrumb":{"@id":"https:\/\/zalotp.es\/ranking-ninos\/#breadcrumb"},"inLanguage":"gl-ES","potentialAction":[{"@type":"ReadAction","target":["https:\/\/zalotp.es\/ranking-ninos\/"]}]},{"@type":"BreadcrumbList","@id":"https:\/\/zalotp.es\/ranking-ninos\/#breadcrumb","itemListElement":[{"@type":"ListItem","position":1,"name":"Portada","item":"https:\/\/zalotp.es\/"},{"@type":"ListItem","position":2,"name":"R\u00e1nking Ni\u00f1os"}]},{"@type":"WebSite","@id":"https:\/\/zalotp.es\/#website","url":"https:\/\/zalotp.es\/","name":"Zalotp","description":"Rankings p\u00e1del y tenis","potentialAction":[{"@type":"SearchAction","target":{"@type":"EntryPoint","urlTemplate":"https:\/\/zalotp.es\/?s={search_term_string}"},"query-input":{"@type":"PropertyValueSpecification","valueRequired":true,"valueName":"search_term_string"}}],"inLanguage":"gl-ES"}]}},"_links":{"self":[{"href":"https:\/\/zalotp.es\/gl\/wp-json\/wp\/v2\/pages\/2054","targetHints":{"allow":["GET"]}}],"collection":[{"href":"https:\/\/zalotp.es\/gl\/wp-json\/wp\/v2\/pages"}],"about":[{"href":"https:\/\/zalotp.es\/gl\/wp-json\/wp\/v2\/types\/page"}],"author":[{"embeddable":true,"href":"https:\/\/zalotp.es\/gl\/wp-json\/wp\/v2\/users\/3"}],"replies":[{"embeddable":true,"href":"https:\/\/zalotp.es\/gl\/wp-json\/wp\/v2\/comments?post=2054"}],"version-history":[{"count":11,"href":"https:\/\/zalotp.es\/gl\/wp-json\/wp\/v2\/pages\/2054\/revisions"}],"predecessor-version":[{"id":2116,"href":"https:\/\/zalotp.es\/gl\/wp-json\/wp\/v2\/pages\/2054\/revisions\/2116"}],"wp:attachment":[{"href":"https:\/\/zalotp.es\/gl\/wp-json\/wp\/v2\/media?parent=2054"}],"curies":[{"name":"wp","href":"https:\/\/api.w.org\/{rel}","templated":true}]}}