{"id":1630,"date":"2025-02-25T17:28:11","date_gmt":"2025-02-25T17:28:11","guid":{"rendered":"https:\/\/zalotp.es\/?page_id=1630"},"modified":"2025-04-21T11:40:23","modified_gmt":"2025-04-21T11:40:23","slug":"competicion-base","status":"publish","type":"page","link":"https:\/\/zalotp.es\/gl\/competicion-base\/","title":{"rendered":"Competici\u00f3n base"},"content":{"rendered":"<p>[et_pb_section fb_built=&#8221;1&#8243; _builder_version=&#8221;4.27.4&#8243; _module_preset=&#8221;default&#8221; custom_margin=&#8221;-24px|||||&#8221; custom_padding=&#8221;106px|0px||||&#8221; global_colors_info=&#8221;{}&#8221;][et_pb_row _builder_version=&#8221;4.27.4&#8243; _module_preset=&#8221;default&#8221; custom_margin=&#8221;-94px|auto|4px|auto||&#8221; global_colors_info=&#8221;{}&#8221;][et_pb_column type=&#8221;4_4&#8243; _builder_version=&#8221;4.27.4&#8243; _module_preset=&#8221;default&#8221; global_colors_info=&#8221;{}&#8221;][\/et_pb_column][\/et_pb_row][et_pb_row _builder_version=&#8221;4.27.4&#8243; _module_preset=&#8221;default&#8221; custom_margin=&#8221;-1px|auto||auto||&#8221; custom_padding=&#8221;121px|||||&#8221; global_colors_info=&#8221;{}&#8221;][et_pb_column type=&#8221;4_4&#8243; _builder_version=&#8221;4.27.4&#8243; _module_preset=&#8221;default&#8221; global_colors_info=&#8221;{}&#8221;][et_pb_text _builder_version=&#8221;4.27.4&#8243; _module_preset=&#8221;default&#8221; text_font=&#8221;Montserrat||||||||&#8221; text_font_size=&#8221;18px&#8221; header_font_size=&#8221;37px&#8221; custom_padding=&#8221;13px|||||&#8221; global_colors_info=&#8221;{}&#8221;]<\/p>\n<h1 style=\"text-align: justify;\"><span style=\"color: #2c9619;\"><strong>4\u00aa Liga Promoci\u00f3n Deporte Base<\/strong><\/span><\/h1>\n<p>[\/et_pb_text][\/et_pb_column][\/et_pb_row][et_pb_row _builder_version=&#8221;4.27.4&#8243; _module_preset=&#8221;default&#8221; custom_margin=&#8221;-18px|auto||auto||&#8221; custom_padding=&#8221;|||0px||&#8221; global_colors_info=&#8221;{}&#8221;][et_pb_column type=&#8221;4_4&#8243; _builder_version=&#8221;4.27.4&#8243; _module_preset=&#8221;default&#8221; global_colors_info=&#8221;{}&#8221;][et_pb_text _builder_version=&#8221;4.27.4&#8243; _module_preset=&#8221;default&#8221; text_font=&#8221;Montserrat||||||||&#8221; text_line_height=&#8221;1em&#8221; header_font=&#8221;Montserrat||||||||&#8221; header_4_font=&#8221;Montserrat||||||||&#8221; header_4_line_height=&#8221;1.5em&#8221; custom_margin=&#8221;-9px|||||&#8221; custom_padding=&#8221;13px|||||&#8221; global_colors_info=&#8221;{}&#8221;]<\/p>\n<h4 style=\"text-align: justify;\">La 4\u00aa Liga Promoci\u00f3n Deporte Base ya est\u00e1 en marcha. Esta competici\u00f3n est\u00e1 dise\u00f1ada para fomentar la pr\u00e1ctica del tenis y ofrecer una oportunidad a jugadores de diferentes niveles para mejorar su rendimiento en un ambiente competitivo y formativo. Si quieres participar, ahora es el momento de inscribirte.<\/h4>\n<p>&nbsp;<\/p>\n<p>[\/et_pb_text][et_pb_text _builder_version=&#8221;4.27.4&#8243; _module_preset=&#8221;default&#8221; text_font=&#8221;Montserrat||||||||&#8221; header_font=&#8221;Montserrat||||||||&#8221; header_4_font=&#8221;Montserrat||||||||&#8221; header_4_line_height=&#8221;1.5em&#8221; min_height=&#8221;333.9px&#8221; custom_margin=&#8221;||-13px|||&#8221; global_colors_info=&#8221;{}&#8221;]<\/p>\n<h4 style=\"text-align: justify;\"><span style=\"color: #2c9619;\"><strong>\u00bfPor qu\u00e9 participar en la 4\u00aa Liga Promoci\u00f3n Deporte Base?<\/strong><\/span><\/h4>\n<ul style=\"text-align: justify;\">\n<li>\n<h4>Competici\u00f3n adaptada a diferentes niveles.<\/h4>\n<\/li>\n<li>\n<h4>Oportunidad de mejorar habilidades y experiencia en torneos.<\/h4>\n<\/li>\n<li>\n<h4>Ambiente deportivo y formativo.<\/h4>\n<\/li>\n<li>\n<h4>Posibilidad de conocer y enfrentarte a nuevos jugadores<\/h4>\n<\/li>\n<\/ul>\n<h4 style=\"text-align: justify;\"><\/h4>\n<h4 style=\"text-align: justify;\"><\/h4>\n<h4 style=\"text-align: justify;\"><\/h4>\n<h4 style=\"text-align: justify;\">Si buscas una competici\u00f3n en la que mejorar tu nivel y disfrutar del tenis, la 4\u00aa Liga Promoci\u00f3n Deporte Base es una gran oportunidad. No pierdas la ocasi\u00f3n de inscribirte y formar parte de este evento.\u00a0<\/h4>\n<p>[\/et_pb_text][et_pb_button button_url=&#8221;https:\/\/tenismarineda.net\/4a-liga-promocion-deporte-base\/&#8221; url_new_window=&#8221;on&#8221; button_text=&#8221;M\u00e1s informaci\u00f3n&#8221; button_alignment=&#8221;center&#8221; _builder_version=&#8221;4.27.4&#8243; _module_preset=&#8221;default&#8221; custom_button=&#8221;on&#8221; button_text_size=&#8221;26px&#8221; button_text_color=&#8221;#FFFFFF&#8221; button_bg_color=&#8221;#10ba4e&#8221; button_border_width=&#8221;0px&#8221; button_border_radius=&#8221;61px&#8221; button_letter_spacing=&#8221;3px&#8221; custom_padding=&#8221;||15px|||&#8221; button_text_shadow_style=&#8221;preset3&#8243; box_shadow_style=&#8221;preset2&#8243; global_colors_info=&#8221;{}&#8221;][\/et_pb_button][\/et_pb_column][\/et_pb_row][et_pb_row _builder_version=&#8221;4.27.4&#8243; _module_preset=&#8221;default&#8221; global_colors_info=&#8221;{}&#8221;][et_pb_column type=&#8221;4_4&#8243; _builder_version=&#8221;4.27.4&#8243; _module_preset=&#8221;default&#8221; global_colors_info=&#8221;{}&#8221;][et_pb_heading title=&#8221;Calendario&#8221; _builder_version=&#8221;4.27.4&#8243; _module_preset=&#8221;default&#8221; title_font=&#8221;|700|||||||&#8221; title_text_align=&#8221;center&#8221; title_text_color=&#8221;#5B8500&#8243; title_font_size=&#8221;45px&#8221; text_shadow_style=&#8221;preset5&#8243; global_colors_info=&#8221;{}&#8221;][\/et_pb_heading][\/et_pb_column][\/et_pb_row][et_pb_row _builder_version=&#8221;4.27.4&#8243; _module_preset=&#8221;default&#8221; global_colors_info=&#8221;{}&#8221;][et_pb_column type=&#8221;4_4&#8243; _builder_version=&#8221;4.27.4&#8243; _module_preset=&#8221;default&#8221; global_colors_info=&#8221;{}&#8221;][et_pb_gallery gallery_ids=&#8221;2051,1658,2050,2044,1660,2045&#8243; _builder_version=&#8221;4.27.4&#8243; _module_preset=&#8221;default&#8221; min_height=&#8221;311.1px&#8221; custom_margin=&#8221;10px||-6px|||&#8221; custom_padding=&#8221;||0px|||&#8221; hover_enabled=&#8221;0&#8243; global_colors_info=&#8221;{}&#8221; sticky_enabled=&#8221;0&#8243;][\/et_pb_gallery][\/et_pb_column][\/et_pb_row][\/et_pb_section]<\/p>\n","protected":false},"excerpt":{"rendered":"<p>4\u00aa Liga Promoci\u00f3n Deporte BaseLa 4\u00aa Liga Promoci\u00f3n Deporte Base ya est\u00e1 en marcha. Esta competici\u00f3n est\u00e1 dise\u00f1ada para fomentar la pr\u00e1ctica del tenis y ofrecer una oportunidad a jugadores de diferentes niveles para mejorar su rendimiento en un ambiente competitivo y formativo. Si quieres participar, ahora es el momento de inscribirte. &nbsp;\u00bfPor qu\u00e9 participar [&hellip;]<\/p>\n","protected":false},"author":3,"featured_media":0,"parent":0,"menu_order":0,"comment_status":"closed","ping_status":"closed","template":"","meta":{"_et_pb_use_builder":"on","_et_pb_old_content":"","_et_gb_content_width":"","footnotes":""},"class_list":["post-1630","page","type-page","status-publish","hentry"],"yoast_head":"<!-- This site is optimized with the Yoast SEO plugin v27.3 - https:\/\/yoast.com\/product\/yoast-seo-wordpress\/ -->\n<title>Competici\u00f3n base - zalotp<\/title>\n<meta name=\"robots\" content=\"index, follow, max-snippet:-1, max-image-preview:large, max-video-preview:-1\" \/>\n<link rel=\"canonical\" href=\"https:\/\/zalotp.es\/gl\/competicion-base\/\" \/>\n<meta property=\"og:locale\" content=\"gl_ES\" \/>\n<meta property=\"og:type\" content=\"article\" \/>\n<meta property=\"og:title\" content=\"Competici\u00f3n base - zalotp\" \/>\n<meta property=\"og:description\" content=\"4\u00aa Liga Promoci\u00f3n Deporte BaseLa 4\u00aa Liga Promoci\u00f3n Deporte Base ya est\u00e1 en marcha. Esta competici\u00f3n est\u00e1 dise\u00f1ada para fomentar la pr\u00e1ctica del tenis y ofrecer una oportunidad a jugadores de diferentes niveles para mejorar su rendimiento en un ambiente competitivo y formativo. Si quieres participar, ahora es el momento de inscribirte. &nbsp;\u00bfPor qu\u00e9 participar [&hellip;]\" \/>\n<meta property=\"og:url\" content=\"https:\/\/zalotp.es\/gl\/competicion-base\/\" \/>\n<meta property=\"og:site_name\" content=\"zalotp\" \/>\n<meta property=\"article:modified_time\" content=\"2025-04-21T11:40:23+00:00\" \/>\n<meta name=\"twitter:card\" content=\"summary_large_image\" \/>\n<meta name=\"twitter:label1\" content=\"Tempo de lectura\" \/>\n\t<meta name=\"twitter:data1\" content=\"2 minutos\" \/>\n<script type=\"application\/ld+json\" class=\"yoast-schema-graph\">{\"@context\":\"https:\\\/\\\/schema.org\",\"@graph\":[{\"@type\":\"WebPage\",\"@id\":\"https:\\\/\\\/zalotp.es\\\/competicion-base\\\/\",\"url\":\"https:\\\/\\\/zalotp.es\\\/competicion-base\\\/\",\"name\":\"Competici\u00f3n base - zalotp\",\"isPartOf\":{\"@id\":\"https:\\\/\\\/zalotp.es\\\/#website\"},\"datePublished\":\"2025-02-25T17:28:11+00:00\",\"dateModified\":\"2025-04-21T11:40:23+00:00\",\"breadcrumb\":{\"@id\":\"https:\\\/\\\/zalotp.es\\\/competicion-base\\\/#breadcrumb\"},\"inLanguage\":\"gl-ES\",\"potentialAction\":[{\"@type\":\"ReadAction\",\"target\":[\"https:\\\/\\\/zalotp.es\\\/competicion-base\\\/\"]}]},{\"@type\":\"BreadcrumbList\",\"@id\":\"https:\\\/\\\/zalotp.es\\\/competicion-base\\\/#breadcrumb\",\"itemListElement\":[{\"@type\":\"ListItem\",\"position\":1,\"name\":\"Portada\",\"item\":\"https:\\\/\\\/zalotp.es\\\/\"},{\"@type\":\"ListItem\",\"position\":2,\"name\":\"Competici\u00f3n base\"}]},{\"@type\":\"WebSite\",\"@id\":\"https:\\\/\\\/zalotp.es\\\/#website\",\"url\":\"https:\\\/\\\/zalotp.es\\\/\",\"name\":\"Zalotp\",\"description\":\"Rankings p\u00e1del y tenis\",\"potentialAction\":[{\"@type\":\"SearchAction\",\"target\":{\"@type\":\"EntryPoint\",\"urlTemplate\":\"https:\\\/\\\/zalotp.es\\\/?s={search_term_string}\"},\"query-input\":{\"@type\":\"PropertyValueSpecification\",\"valueRequired\":true,\"valueName\":\"search_term_string\"}}],\"inLanguage\":\"gl-ES\"}]}<\/script>\n<!-- \/ Yoast SEO plugin. -->","yoast_head_json":{"title":"Competici\u00f3n base - zalotp","robots":{"index":"index","follow":"follow","max-snippet":"max-snippet:-1","max-image-preview":"max-image-preview:large","max-video-preview":"max-video-preview:-1"},"canonical":"https:\/\/zalotp.es\/gl\/competicion-base\/","og_locale":"gl_ES","og_type":"article","og_title":"Competici\u00f3n base - zalotp","og_description":"4\u00aa Liga Promoci\u00f3n Deporte BaseLa 4\u00aa Liga Promoci\u00f3n Deporte Base ya est\u00e1 en marcha. Esta competici\u00f3n est\u00e1 dise\u00f1ada para fomentar la pr\u00e1ctica del tenis y ofrecer una oportunidad a jugadores de diferentes niveles para mejorar su rendimiento en un ambiente competitivo y formativo. Si quieres participar, ahora es el momento de inscribirte. &nbsp;\u00bfPor qu\u00e9 participar [&hellip;]","og_url":"https:\/\/zalotp.es\/gl\/competicion-base\/","og_site_name":"zalotp","article_modified_time":"2025-04-21T11:40:23+00:00","twitter_card":"summary_large_image","twitter_misc":{"Tempo de lectura":"2 minutos"},"schema":{"@context":"https:\/\/schema.org","@graph":[{"@type":"WebPage","@id":"https:\/\/zalotp.es\/competicion-base\/","url":"https:\/\/zalotp.es\/competicion-base\/","name":"Competici\u00f3n base - zalotp","isPartOf":{"@id":"https:\/\/zalotp.es\/#website"},"datePublished":"2025-02-25T17:28:11+00:00","dateModified":"2025-04-21T11:40:23+00:00","breadcrumb":{"@id":"https:\/\/zalotp.es\/competicion-base\/#breadcrumb"},"inLanguage":"gl-ES","potentialAction":[{"@type":"ReadAction","target":["https:\/\/zalotp.es\/competicion-base\/"]}]},{"@type":"BreadcrumbList","@id":"https:\/\/zalotp.es\/competicion-base\/#breadcrumb","itemListElement":[{"@type":"ListItem","position":1,"name":"Portada","item":"https:\/\/zalotp.es\/"},{"@type":"ListItem","position":2,"name":"Competici\u00f3n base"}]},{"@type":"WebSite","@id":"https:\/\/zalotp.es\/#website","url":"https:\/\/zalotp.es\/","name":"Zalotp","description":"Rankings p\u00e1del y tenis","potentialAction":[{"@type":"SearchAction","target":{"@type":"EntryPoint","urlTemplate":"https:\/\/zalotp.es\/?s={search_term_string}"},"query-input":{"@type":"PropertyValueSpecification","valueRequired":true,"valueName":"search_term_string"}}],"inLanguage":"gl-ES"}]}},"_links":{"self":[{"href":"https:\/\/zalotp.es\/gl\/wp-json\/wp\/v2\/pages\/1630","targetHints":{"allow":["GET"]}}],"collection":[{"href":"https:\/\/zalotp.es\/gl\/wp-json\/wp\/v2\/pages"}],"about":[{"href":"https:\/\/zalotp.es\/gl\/wp-json\/wp\/v2\/types\/page"}],"author":[{"embeddable":true,"href":"https:\/\/zalotp.es\/gl\/wp-json\/wp\/v2\/users\/3"}],"replies":[{"embeddable":true,"href":"https:\/\/zalotp.es\/gl\/wp-json\/wp\/v2\/comments?post=1630"}],"version-history":[{"count":46,"href":"https:\/\/zalotp.es\/gl\/wp-json\/wp\/v2\/pages\/1630\/revisions"}],"predecessor-version":[{"id":2052,"href":"https:\/\/zalotp.es\/gl\/wp-json\/wp\/v2\/pages\/1630\/revisions\/2052"}],"wp:attachment":[{"href":"https:\/\/zalotp.es\/gl\/wp-json\/wp\/v2\/media?parent=1630"}],"curies":[{"name":"wp","href":"https:\/\/api.w.org\/{rel}","templated":true}]}}