{"id":119,"date":"2024-12-03T15:22:44","date_gmt":"2024-12-03T15:22:44","guid":{"rendered":"http:\/\/zalotp.es\/?page_id=119"},"modified":"2025-03-25T11:59:55","modified_gmt":"2025-03-25T11:59:55","slug":"rankings","status":"publish","type":"page","link":"https:\/\/zalotp.es\/gl\/rankings\/","title":{"rendered":"Rankings"},"content":{"rendered":"<p>[et_pb_section fb_built=&#8221;1&#8243; _builder_version=&#8221;4.27.4&#8243; _module_preset=&#8221;default&#8221; custom_margin=&#8221;0px||||false|false&#8221; custom_padding=&#8221;274px|7px|0px|||&#8221; global_colors_info=&#8221;{}&#8221;][et_pb_row _builder_version=&#8221;4.27.4&#8243; _module_preset=&#8221;default&#8221; custom_margin=&#8221;-110px|auto|18px|auto|false|false&#8221; custom_padding=&#8221;||27px|||&#8221; global_colors_info=&#8221;{}&#8221;][et_pb_column type=&#8221;4_4&#8243; _builder_version=&#8221;4.27.4&#8243; _module_preset=&#8221;default&#8221; global_colors_info=&#8221;{}&#8221;][et_pb_text _builder_version=&#8221;4.27.4&#8243; _module_preset=&#8221;default&#8221; text_font=&#8221;Montserrat||on||||||&#8221; text_text_color=&#8221;#003509&#8243; text_font_size=&#8221;34px&#8221; text_letter_spacing=&#8221;1px&#8221; text_line_height=&#8221;1.5em&#8221; text_orientation=&#8221;center&#8221; custom_margin=&#8221;-57px||||false|false&#8221; custom_margin_tablet=&#8221;106px||||false|false&#8221; custom_margin_phone=&#8221;60px||||false|false&#8221; custom_margin_last_edited=&#8221;on|phone&#8221; custom_padding=&#8221;|0px|0px|||&#8221; text_font_size_tablet=&#8221;38px&#8221; text_font_size_phone=&#8221;30px&#8221; text_font_size_last_edited=&#8221;on|desktop&#8221; global_colors_info=&#8221;{}&#8221;]<\/p>\n<p style=\"text-align: center;\">Consulta los Rankings de P\u00e1del y Tenis del <strong><em><span style=\"color: #130e63;\"><a href=\"https:\/\/tenisapedralba.es\/\" target=\"_blank\" rel=\"noopener\" title=\"club de tenis a pedralba\" style=\"color: #130e63; text-decoration: underline;\">Club de Tenis A Pedralba<\/a><\/span><\/em><\/strong><\/p>\n<p>[\/et_pb_text][\/et_pb_column][\/et_pb_row][et_pb_row _builder_version=&#8221;4.27.4&#8243; _module_preset=&#8221;default&#8221; custom_margin=&#8221;-41px|auto|-26px|auto|false|false&#8221; global_colors_info=&#8221;{}&#8221;][et_pb_column type=&#8221;4_4&#8243; _builder_version=&#8221;4.27.4&#8243; _module_preset=&#8221;default&#8221; global_colors_info=&#8221;{}&#8221;][et_pb_text _builder_version=&#8221;4.27.4&#8243; _module_preset=&#8221;default&#8221; text_font=&#8221;Overpass||||||||&#8221; text_font_size=&#8221;21px&#8221; text_line_height=&#8221;1.5em&#8221; text_orientation=&#8221;center&#8221; min_height=&#8221;100px&#8221; custom_margin=&#8221;-10px|||||&#8221; custom_padding=&#8221;0px||0px|||&#8221; text_font_size_tablet=&#8221;38px&#8221; text_font_size_phone=&#8221;30px&#8221; text_font_size_last_edited=&#8221;on|phone&#8221; global_colors_info=&#8221;{}&#8221;]<\/p>\n<p style=\"text-align: justify;\">En este sitio web podr\u00e1s acceder a los rankings actualizados de nuestros jugadores de p\u00e1del y tenis. \u00a1Descubre las posiciones y sigue de cerca la evoluci\u00f3n de los mejores del club!<\/p>\n<p>[\/et_pb_text][\/et_pb_column][\/et_pb_row][et_pb_row column_structure=&#8221;1_2,1_2&#8243; _builder_version=&#8221;4.27.4&#8243; _module_preset=&#8221;default&#8221; global_colors_info=&#8221;{}&#8221;][et_pb_column type=&#8221;1_2&#8243; _builder_version=&#8221;4.27.4&#8243; _module_preset=&#8221;default&#8221; global_colors_info=&#8221;{}&#8221;][et_pb_image src=&#8221;https:\/\/zalotp.es\/wp-content\/uploads\/2025\/03\/tennis-6533589_1280-1.jpg&#8221; title_text=&#8221;tennis-6533589_1280&#8243; url=&#8221;https:\/\/zalotp.es\/ranking-tenis\/&#8221; _builder_version=&#8221;4.27.4&#8243; _module_preset=&#8221;default&#8221; border_radii=&#8221;on|25px|25px|25px|25px&#8221; global_colors_info=&#8221;{}&#8221;][\/et_pb_image][et_pb_button button_url=&#8221;https:\/\/zalotp.es\/ranking-tenis\/&#8221; button_text=&#8221;RANKING TENIS&#8221; button_alignment=&#8221;center&#8221; _builder_version=&#8221;4.27.4&#8243; _module_preset=&#8221;default&#8221; custom_button=&#8221;on&#8221; button_text_size=&#8221;28px&#8221; button_text_color=&#8221;#124d6d&#8221; button_border_width=&#8221;4px&#8221; button_border_radius=&#8221;24px&#8221; global_colors_info=&#8221;{}&#8221;][\/et_pb_button][\/et_pb_column][et_pb_column type=&#8221;1_2&#8243; _builder_version=&#8221;4.27.4&#8243; _module_preset=&#8221;default&#8221; global_colors_info=&#8221;{}&#8221;][et_pb_image src=&#8221;https:\/\/zalotp.es\/wp-content\/uploads\/2025\/03\/racket-6308994_1280.jpg&#8221; title_text=&#8221;racket-6308994_1280&#8243; url=&#8221;https:\/\/zalotp.es\/ranking-padel\/&#8221; _builder_version=&#8221;4.27.4&#8243; _module_preset=&#8221;default&#8221; border_radii=&#8221;on|25px|25px|25px|25px&#8221; global_colors_info=&#8221;{}&#8221;][\/et_pb_image][et_pb_button button_url=&#8221;https:\/\/zalotp.es\/ranking-padel\/&#8221; button_text=&#8221;RANKING P\u00c1DEL&#8221; button_alignment=&#8221;center&#8221; _builder_version=&#8221;4.27.4&#8243; _module_preset=&#8221;default&#8221; custom_button=&#8221;on&#8221; button_text_size=&#8221;28px&#8221; button_text_color=&#8221;#124d6d&#8221; button_border_width=&#8221;4px&#8221; button_border_radius=&#8221;24px&#8221; global_colors_info=&#8221;{}&#8221;][\/et_pb_button][\/et_pb_column][\/et_pb_row][\/et_pb_section][et_pb_section fb_built=&#8221;1&#8243; _builder_version=&#8221;4.27.4&#8243; _module_preset=&#8221;default&#8221; min_height=&#8221;214.2px&#8221; custom_margin=&#8221;103px||||false|false&#8221; custom_padding=&#8221;0px|||||&#8221; global_colors_info=&#8221;{}&#8221;][et_pb_row _builder_version=&#8221;4.27.4&#8243; _module_preset=&#8221;default&#8221; global_colors_info=&#8221;{}&#8221;][et_pb_column type=&#8221;4_4&#8243; _builder_version=&#8221;4.27.4&#8243; _module_preset=&#8221;default&#8221; global_colors_info=&#8221;{}&#8221;][et_pb_text _builder_version=&#8221;4.27.4&#8243; _module_preset=&#8221;default&#8221; text_font=&#8221;Overpass||||||||&#8221; text_text_color=&#8221;#000000&#8243; text_font_size=&#8221;21px&#8221; text_orientation=&#8221;justified&#8221; min_height=&#8221;150.2px&#8221; custom_margin=&#8221;3px|||||&#8221; custom_padding=&#8221;16px|5px|16px||true|&#8221; global_colors_info=&#8221;{}&#8221;]<\/p>\n<p style=\"text-align: justify;\"><span>En<strong> Zalo TP<\/strong><\/span><span>, nos comprometemos a ofrecer una experiencia inclusiva para todos nuestros usuarios. Por ello, hemos implementado una funci\u00f3n que permite ajustar las opciones de accesibilidad de nuestra web seg\u00fan las necesidades individuales.<\/span><\/p>\n<p style=\"text-align: justify;\"><a href=\"https:\/\/zalotp.es\/ayuda-accesibilidad\/\" role=\"link\"><strong><em><span>GU\u00cdA ACCESIBILIDAD<\/span><\/em><\/strong><\/a><\/p>\n<p>[\/et_pb_text][\/et_pb_column][\/et_pb_row][\/et_pb_section]<\/p>\n","protected":false},"excerpt":{"rendered":"<p>Consulta los Rankings de P\u00e1del y Tenis del Club de Tenis A PedralbaEn este sitio web podr\u00e1s acceder a los rankings actualizados de nuestros jugadores de p\u00e1del y tenis. \u00a1Descubre las posiciones y sigue de cerca la evoluci\u00f3n de los mejores del club!En Zalo TP, nos comprometemos a ofrecer una experiencia inclusiva para todos nuestros [&hellip;]<\/p>\n","protected":false},"author":1,"featured_media":0,"parent":0,"menu_order":0,"comment_status":"closed","ping_status":"closed","template":"","meta":{"_et_pb_use_builder":"on","_et_pb_old_content":"","_et_gb_content_width":"","footnotes":""},"class_list":["post-119","page","type-page","status-publish","hentry"],"yoast_head":"<!-- This site is optimized with the Yoast SEO plugin v27.3 - https:\/\/yoast.com\/product\/yoast-seo-wordpress\/ -->\n<title>Rankings - zalotp<\/title>\n<meta name=\"description\" content=\"Rankings de p\u00e1del y tenis del club de tenis y p\u00e1del a pedralba. Se muestran los resultados de los partidos agrupados por fecha.\" \/>\n<meta name=\"robots\" content=\"index, follow, max-snippet:-1, max-image-preview:large, max-video-preview:-1\" \/>\n<link rel=\"canonical\" href=\"https:\/\/zalotp.es\/gl\/rankings\/\" \/>\n<meta property=\"og:locale\" content=\"gl_ES\" \/>\n<meta property=\"og:type\" content=\"article\" \/>\n<meta property=\"og:title\" content=\"Rankings - zalotp\" \/>\n<meta property=\"og:description\" content=\"Rankings de p\u00e1del y tenis del club de tenis y p\u00e1del a pedralba. Se muestran los resultados de los partidos agrupados por fecha.\" \/>\n<meta property=\"og:url\" content=\"https:\/\/zalotp.es\/gl\/rankings\/\" \/>\n<meta property=\"og:site_name\" content=\"zalotp\" \/>\n<meta property=\"article:modified_time\" content=\"2025-03-25T11:59:55+00:00\" \/>\n<meta name=\"twitter:card\" content=\"summary_large_image\" \/>\n<meta name=\"twitter:label1\" content=\"Tempo de lectura\" \/>\n\t<meta name=\"twitter:data1\" content=\"4 minutos\" \/>\n<script type=\"application\/ld+json\" class=\"yoast-schema-graph\">{\"@context\":\"https:\\\/\\\/schema.org\",\"@graph\":[{\"@type\":\"WebPage\",\"@id\":\"https:\\\/\\\/zalotp.es\\\/rankings\\\/\",\"url\":\"https:\\\/\\\/zalotp.es\\\/rankings\\\/\",\"name\":\"Rankings - zalotp\",\"isPartOf\":{\"@id\":\"https:\\\/\\\/zalotp.es\\\/#website\"},\"datePublished\":\"2024-12-03T15:22:44+00:00\",\"dateModified\":\"2025-03-25T11:59:55+00:00\",\"description\":\"Rankings de p\u00e1del y tenis del club de tenis y p\u00e1del a pedralba. Se muestran los resultados de los partidos agrupados por fecha.\",\"breadcrumb\":{\"@id\":\"https:\\\/\\\/zalotp.es\\\/rankings\\\/#breadcrumb\"},\"inLanguage\":\"gl-ES\",\"potentialAction\":[{\"@type\":\"ReadAction\",\"target\":[\"https:\\\/\\\/zalotp.es\\\/rankings\\\/\"]}]},{\"@type\":\"BreadcrumbList\",\"@id\":\"https:\\\/\\\/zalotp.es\\\/rankings\\\/#breadcrumb\",\"itemListElement\":[{\"@type\":\"ListItem\",\"position\":1,\"name\":\"Portada\",\"item\":\"https:\\\/\\\/zalotp.es\\\/\"},{\"@type\":\"ListItem\",\"position\":2,\"name\":\"Rankings\"}]},{\"@type\":\"WebSite\",\"@id\":\"https:\\\/\\\/zalotp.es\\\/#website\",\"url\":\"https:\\\/\\\/zalotp.es\\\/\",\"name\":\"Zalotp\",\"description\":\"Rankings p\u00e1del y tenis\",\"potentialAction\":[{\"@type\":\"SearchAction\",\"target\":{\"@type\":\"EntryPoint\",\"urlTemplate\":\"https:\\\/\\\/zalotp.es\\\/?s={search_term_string}\"},\"query-input\":{\"@type\":\"PropertyValueSpecification\",\"valueRequired\":true,\"valueName\":\"search_term_string\"}}],\"inLanguage\":\"gl-ES\"}]}<\/script>\n<!-- \/ Yoast SEO plugin. -->","yoast_head_json":{"title":"Rankings - zalotp","description":"Rankings de p\u00e1del y tenis del club de tenis y p\u00e1del a pedralba. Se muestran los resultados de los partidos agrupados por fecha.","robots":{"index":"index","follow":"follow","max-snippet":"max-snippet:-1","max-image-preview":"max-image-preview:large","max-video-preview":"max-video-preview:-1"},"canonical":"https:\/\/zalotp.es\/gl\/rankings\/","og_locale":"gl_ES","og_type":"article","og_title":"Rankings - zalotp","og_description":"Rankings de p\u00e1del y tenis del club de tenis y p\u00e1del a pedralba. Se muestran los resultados de los partidos agrupados por fecha.","og_url":"https:\/\/zalotp.es\/gl\/rankings\/","og_site_name":"zalotp","article_modified_time":"2025-03-25T11:59:55+00:00","twitter_card":"summary_large_image","twitter_misc":{"Tempo de lectura":"4 minutos"},"schema":{"@context":"https:\/\/schema.org","@graph":[{"@type":"WebPage","@id":"https:\/\/zalotp.es\/rankings\/","url":"https:\/\/zalotp.es\/rankings\/","name":"Rankings - zalotp","isPartOf":{"@id":"https:\/\/zalotp.es\/#website"},"datePublished":"2024-12-03T15:22:44+00:00","dateModified":"2025-03-25T11:59:55+00:00","description":"Rankings de p\u00e1del y tenis del club de tenis y p\u00e1del a pedralba. Se muestran los resultados de los partidos agrupados por fecha.","breadcrumb":{"@id":"https:\/\/zalotp.es\/rankings\/#breadcrumb"},"inLanguage":"gl-ES","potentialAction":[{"@type":"ReadAction","target":["https:\/\/zalotp.es\/rankings\/"]}]},{"@type":"BreadcrumbList","@id":"https:\/\/zalotp.es\/rankings\/#breadcrumb","itemListElement":[{"@type":"ListItem","position":1,"name":"Portada","item":"https:\/\/zalotp.es\/"},{"@type":"ListItem","position":2,"name":"Rankings"}]},{"@type":"WebSite","@id":"https:\/\/zalotp.es\/#website","url":"https:\/\/zalotp.es\/","name":"Zalotp","description":"Rankings p\u00e1del y tenis","potentialAction":[{"@type":"SearchAction","target":{"@type":"EntryPoint","urlTemplate":"https:\/\/zalotp.es\/?s={search_term_string}"},"query-input":{"@type":"PropertyValueSpecification","valueRequired":true,"valueName":"search_term_string"}}],"inLanguage":"gl-ES"}]}},"_links":{"self":[{"href":"https:\/\/zalotp.es\/gl\/wp-json\/wp\/v2\/pages\/119","targetHints":{"allow":["GET"]}}],"collection":[{"href":"https:\/\/zalotp.es\/gl\/wp-json\/wp\/v2\/pages"}],"about":[{"href":"https:\/\/zalotp.es\/gl\/wp-json\/wp\/v2\/types\/page"}],"author":[{"embeddable":true,"href":"https:\/\/zalotp.es\/gl\/wp-json\/wp\/v2\/users\/1"}],"replies":[{"embeddable":true,"href":"https:\/\/zalotp.es\/gl\/wp-json\/wp\/v2\/comments?post=119"}],"version-history":[{"count":117,"href":"https:\/\/zalotp.es\/gl\/wp-json\/wp\/v2\/pages\/119\/revisions"}],"predecessor-version":[{"id":1861,"href":"https:\/\/zalotp.es\/gl\/wp-json\/wp\/v2\/pages\/119\/revisions\/1861"}],"wp:attachment":[{"href":"https:\/\/zalotp.es\/gl\/wp-json\/wp\/v2\/media?parent=119"}],"curies":[{"name":"wp","href":"https:\/\/api.w.org\/{rel}","templated":true}]}}